{"id":8485,"date":"2020-04-12T22:27:42","date_gmt":"2020-04-12T20:27:42","guid":{"rendered":"https:\/\/www.auberceaudor.ch\/uncategorized\/wide-inclined-plane\/"},"modified":"2023-10-19T10:05:32","modified_gmt":"2023-10-19T08:05:32","slug":"wide-incliner","status":"publish","type":"product","link":"https:\/\/www.auberceaudor.ch\/en\/p\/wide-incliner\/","title":{"rendered":"Wide incliner"},"content":{"rendered":"<p id=\"tw-target-text\" class=\"tw-data-text tw-text-large tw-ta\" dir=\"ltr\" data-placeholder=\"Traduction\"><span lang=\"en\">The Rest Easy Large inclined plane allows the child&#8217;s upper part to be raised (angle of 15 \u00b0) during sleep. This position recommended by many pediatricians promotes breathing and digestion. The inclined plane is recommended in the event of regurgitation, otitis, colds and other respiratory infections. It is placed on or under the mattress. The inclined plane is compatible with the back positioner. Polyester and polyurethane cover. Machine washable cover at 60 \u00b0 C.<\/span><\/p>\n","protected":false},"excerpt":{"rendered":"<pre id=\"tw-target-text\" class=\"tw-data-text tw-text-large tw-ta\" dir=\"ltr\" data-placeholder=\"Traduction\" data-ved=\"2ahUKEwjbuIqB04GCAxWLif0HHay2AWUQ3ewLegQIBhAQ\"><span class=\"Y2IQFc\" lang=\"en\">- Tilt angle: 15\u00b0.\r\n- Dimensions: 59 x 35 x 9 cm (special standard bed).\r\n- Position recommended by pediatricians.\r\n- Promotes breathing and digestion.\r\n- Very useful in cases of regurgitation, otitis, colds and other respiratory infections.\r\n- Places on or under the sheet.\r\n- Machine washable cover (30\u00b0).<\/span><\/pre>\n","protected":false},"featured_media":8482,"template":"","meta":{"_acf_changed":false},"product_brand":[1173],"product_cat":[972,973,1344],"product_tag":[],"class_list":{"0":"post-8485","1":"product","2":"type-product","3":"status-publish","4":"has-post-thumbnail","6":"product_brand-doomoo","7":"product_cat-baby-room","8":"product_cat-bedroom-accessories-baby","9":"product_cat-newborn-accessories","11":"first","12":"instock","13":"shipping-taxable","14":"purchasable","15":"product-type-simple"},"acf":[],"yoast_head":"<!-- This site is optimized with the Yoast SEO Premium plugin v27.4 (Yoast SEO v27.4) - https:\/\/yoast.com\/product\/yoast-seo-premium-wordpress\/ -->\n<title>Wide incliner - Au Berceau d&#039;Or<\/title>\n<meta name=\"description\" content=\"The Doomoo Basics &#039;Rest Easy Large&#039; baby inclined plane helps elevate the upper part of baby&#039;s body!\" \/>\n<meta name=\"robots\" content=\"index, follow, max-snippet:-1, max-image-preview:large, max-video-preview:-1\" \/>\n<link rel=\"canonical\" href=\"https:\/\/www.auberceaudor.ch\/en\/p\/wide-incliner\/\" \/>\n<meta property=\"og:locale\" content=\"en_US\" \/>\n<meta property=\"og:type\" content=\"article\" \/>\n<meta property=\"og:title\" content=\"Wide incliner\" \/>\n<meta property=\"og:description\" content=\"- Tilt angle: 15\u00b0. - Dimensions: 59 x 35 x 9 cm (special standard bed). - Position recommended by pediatricians. - Promotes breathing and digestion. - Very useful in cases of regurgitation, otitis, colds and other respiratory infections. - Places on or under the sheet. - Machine washable cover (30\u00b0).\" \/>\n<meta property=\"og:url\" content=\"https:\/\/www.auberceaudor.ch\/en\/p\/wide-incliner\/\" \/>\n<meta property=\"og:site_name\" content=\"Au Berceau d&#039;Or\" \/>\n<meta property=\"article:publisher\" content=\"https:\/\/www.facebook.com\/auberceaudor\/\" \/>\n<meta property=\"article:modified_time\" content=\"2023-10-19T08:05:32+00:00\" \/>\n<meta property=\"og:image\" content=\"https:\/\/www.auberceaudor.ch\/wp-content\/uploads\/2020\/04\/plan-incline-rest-easy-large.jpg\" \/>\n\t<meta property=\"og:image:width\" content=\"1000\" \/>\n\t<meta property=\"og:image:height\" content=\"772\" \/>\n\t<meta property=\"og:image:type\" content=\"image\/jpeg\" \/>\n<meta name=\"twitter:card\" content=\"summary_large_image\" \/>\n<meta name=\"twitter:label1\" content=\"Price\" \/>\n\t<meta name=\"twitter:data1\" content=\"&#067;&#072;&#070;&nbsp;41.90\" \/>\n\t<meta name=\"twitter:label2\" content=\"Availability\" \/>\n\t<meta name=\"twitter:data2\" content=\"In stock\" \/>\n<script type=\"application\/ld+json\" class=\"yoast-schema-graph\">{\"@context\":\"https:\\\/\\\/schema.org\",\"@graph\":[{\"@type\":\"WebPage\",\"@id\":\"https:\\\/\\\/www.auberceaudor.ch\\\/en\\\/p\\\/wide-incliner\\\/\",\"url\":\"https:\\\/\\\/www.auberceaudor.ch\\\/en\\\/p\\\/wide-incliner\\\/\",\"name\":\"Wide incliner - Au Berceau d&#039;Or\",\"isPartOf\":{\"@id\":\"https:\\\/\\\/www.auberceaudor.ch\\\/en\\\/#website\"},\"primaryImageOfPage\":{\"@id\":\"https:\\\/\\\/www.auberceaudor.ch\\\/en\\\/p\\\/wide-incliner\\\/#primaryimage\"},\"image\":{\"@id\":\"https:\\\/\\\/www.auberceaudor.ch\\\/en\\\/p\\\/wide-incliner\\\/#primaryimage\"},\"thumbnailUrl\":\"https:\\\/\\\/www.auberceaudor.ch\\\/wp-content\\\/uploads\\\/2020\\\/04\\\/plan-incline-rest-easy-large.jpg\",\"datePublished\":\"2020-04-12T20:27:42+00:00\",\"dateModified\":\"2023-10-19T08:05:32+00:00\",\"description\":\"The Doomoo Basics 'Rest Easy Large' baby inclined plane helps elevate the upper part of baby's body!\",\"breadcrumb\":{\"@id\":\"https:\\\/\\\/www.auberceaudor.ch\\\/en\\\/p\\\/wide-incliner\\\/#breadcrumb\"},\"inLanguage\":\"en-US\",\"potentialAction\":[{\"@type\":\"ReadAction\",\"target\":[\"https:\\\/\\\/www.auberceaudor.ch\\\/en\\\/p\\\/wide-incliner\\\/\"]}]},{\"@type\":\"ImageObject\",\"inLanguage\":\"en-US\",\"@id\":\"https:\\\/\\\/www.auberceaudor.ch\\\/en\\\/p\\\/wide-incliner\\\/#primaryimage\",\"url\":\"https:\\\/\\\/www.auberceaudor.ch\\\/wp-content\\\/uploads\\\/2020\\\/04\\\/plan-incline-rest-easy-large.jpg\",\"contentUrl\":\"https:\\\/\\\/www.auberceaudor.ch\\\/wp-content\\\/uploads\\\/2020\\\/04\\\/plan-incline-rest-easy-large.jpg\",\"width\":1000,\"height\":772,\"caption\":\"plan inclin\u00e9 b\u00e9b\u00e9\"},{\"@type\":\"BreadcrumbList\",\"@id\":\"https:\\\/\\\/www.auberceaudor.ch\\\/en\\\/p\\\/wide-incliner\\\/#breadcrumb\",\"itemListElement\":[{\"@type\":\"ListItem\",\"position\":1,\"name\":\"Accueil\",\"item\":\"https:\\\/\\\/www.auberceaudor.ch\\\/en\\\/\"},{\"@type\":\"ListItem\",\"position\":2,\"name\":\"Shop\",\"item\":\"https:\\\/\\\/www.auberceaudor.ch\\\/en\\\/shop\\\/\"},{\"@type\":\"ListItem\",\"position\":3,\"name\":\"Bedroom\",\"item\":\"https:\\\/\\\/www.auberceaudor.ch\\\/en\\\/c\\\/baby-room\\\/\"},{\"@type\":\"ListItem\",\"position\":4,\"name\":\"Bedroom accessories\",\"item\":\"https:\\\/\\\/www.auberceaudor.ch\\\/en\\\/c\\\/bedroom-accessories-baby\\\/\"},{\"@type\":\"ListItem\",\"position\":5,\"name\":\"Newborn Accessories\",\"item\":\"https:\\\/\\\/www.auberceaudor.ch\\\/en\\\/c\\\/newborn-accessories\\\/\"},{\"@type\":\"ListItem\",\"position\":6,\"name\":\"Wide incliner\"}]},{\"@type\":\"WebSite\",\"@id\":\"https:\\\/\\\/www.auberceaudor.ch\\\/en\\\/#website\",\"url\":\"https:\\\/\\\/www.auberceaudor.ch\\\/en\\\/\",\"name\":\"Au Berceau d&#039;Or\",\"description\":\"Articles pour b\u00e9b\u00e9s et futures mamans\",\"publisher\":{\"@id\":\"https:\\\/\\\/www.auberceaudor.ch\\\/en\\\/#organization\"},\"potentialAction\":[{\"@type\":\"SearchAction\",\"target\":{\"@type\":\"EntryPoint\",\"urlTemplate\":\"https:\\\/\\\/www.auberceaudor.ch\\\/en\\\/?s={search_term_string}\"},\"query-input\":{\"@type\":\"PropertyValueSpecification\",\"valueRequired\":true,\"valueName\":\"search_term_string\"}}],\"inLanguage\":\"en-US\"},{\"@type\":\"Organization\",\"@id\":\"https:\\\/\\\/www.auberceaudor.ch\\\/en\\\/#organization\",\"name\":\"Au Berceau d'Or\",\"url\":\"https:\\\/\\\/www.auberceaudor.ch\\\/en\\\/\",\"logo\":{\"@type\":\"ImageObject\",\"inLanguage\":\"en-US\",\"@id\":\"https:\\\/\\\/www.auberceaudor.ch\\\/en\\\/#\\\/schema\\\/logo\\\/image\\\/\",\"url\":\"https:\\\/\\\/www.auberceaudor.ch\\\/wp-content\\\/uploads\\\/2020\\\/04\\\/logo-inline.svg\",\"contentUrl\":\"https:\\\/\\\/www.auberceaudor.ch\\\/wp-content\\\/uploads\\\/2020\\\/04\\\/logo-inline.svg\",\"width\":628,\"height\":94,\"caption\":\"Au Berceau d'Or\"},\"image\":{\"@id\":\"https:\\\/\\\/www.auberceaudor.ch\\\/en\\\/#\\\/schema\\\/logo\\\/image\\\/\"},\"sameAs\":[\"https:\\\/\\\/www.facebook.com\\\/auberceaudor\\\/\",\"https:\\\/\\\/www.instagram.com\\\/auberceaudor\\\/\"]}]}<\/script>\n<meta property=\"product:brand\" content=\"Doomoo\" \/>\n<meta property=\"product:price:amount\" content=\"41.90\" \/>\n<meta property=\"product:price:currency\" content=\"CHF\" \/>\n<meta property=\"og:availability\" content=\"instock\" \/>\n<meta property=\"product:availability\" content=\"instock\" \/>\n<meta property=\"product:condition\" content=\"new\" \/>\n<!-- \/ Yoast SEO Premium plugin. -->","yoast_head_json":{"title":"Wide incliner - Au Berceau d&#039;Or","description":"The Doomoo Basics 'Rest Easy Large' baby inclined plane helps elevate the upper part of baby's body!","robots":{"index":"index","follow":"follow","max-snippet":"max-snippet:-1","max-image-preview":"max-image-preview:large","max-video-preview":"max-video-preview:-1"},"canonical":"https:\/\/www.auberceaudor.ch\/en\/p\/wide-incliner\/","og_locale":"en_US","og_type":"article","og_title":"Wide incliner","og_description":"- Tilt angle: 15\u00b0. - Dimensions: 59 x 35 x 9 cm (special standard bed). - Position recommended by pediatricians. - Promotes breathing and digestion. - Very useful in cases of regurgitation, otitis, colds and other respiratory infections. - Places on or under the sheet. - Machine washable cover (30\u00b0).","og_url":"https:\/\/www.auberceaudor.ch\/en\/p\/wide-incliner\/","og_site_name":"Au Berceau d&#039;Or","article_publisher":"https:\/\/www.facebook.com\/auberceaudor\/","article_modified_time":"2023-10-19T08:05:32+00:00","og_image":[{"width":1000,"height":772,"url":"https:\/\/www.auberceaudor.ch\/wp-content\/uploads\/2020\/04\/plan-incline-rest-easy-large.jpg","type":"image\/jpeg"}],"twitter_card":"summary_large_image","twitter_misc":{"Price":"&#67;&#72;&#70;&nbsp;41.90","Availability":"In stock"},"schema":{"@context":"https:\/\/schema.org","@graph":[{"@type":"WebPage","@id":"https:\/\/www.auberceaudor.ch\/en\/p\/wide-incliner\/","url":"https:\/\/www.auberceaudor.ch\/en\/p\/wide-incliner\/","name":"Wide incliner - Au Berceau d&#039;Or","isPartOf":{"@id":"https:\/\/www.auberceaudor.ch\/en\/#website"},"primaryImageOfPage":{"@id":"https:\/\/www.auberceaudor.ch\/en\/p\/wide-incliner\/#primaryimage"},"image":{"@id":"https:\/\/www.auberceaudor.ch\/en\/p\/wide-incliner\/#primaryimage"},"thumbnailUrl":"https:\/\/www.auberceaudor.ch\/wp-content\/uploads\/2020\/04\/plan-incline-rest-easy-large.jpg","datePublished":"2020-04-12T20:27:42+00:00","dateModified":"2023-10-19T08:05:32+00:00","description":"The Doomoo Basics 'Rest Easy Large' baby inclined plane helps elevate the upper part of baby's body!","breadcrumb":{"@id":"https:\/\/www.auberceaudor.ch\/en\/p\/wide-incliner\/#breadcrumb"},"inLanguage":"en-US","potentialAction":[{"@type":"ReadAction","target":["https:\/\/www.auberceaudor.ch\/en\/p\/wide-incliner\/"]}]},{"@type":"ImageObject","inLanguage":"en-US","@id":"https:\/\/www.auberceaudor.ch\/en\/p\/wide-incliner\/#primaryimage","url":"https:\/\/www.auberceaudor.ch\/wp-content\/uploads\/2020\/04\/plan-incline-rest-easy-large.jpg","contentUrl":"https:\/\/www.auberceaudor.ch\/wp-content\/uploads\/2020\/04\/plan-incline-rest-easy-large.jpg","width":1000,"height":772,"caption":"plan inclin\u00e9 b\u00e9b\u00e9"},{"@type":"BreadcrumbList","@id":"https:\/\/www.auberceaudor.ch\/en\/p\/wide-incliner\/#breadcrumb","itemListElement":[{"@type":"ListItem","position":1,"name":"Accueil","item":"https:\/\/www.auberceaudor.ch\/en\/"},{"@type":"ListItem","position":2,"name":"Shop","item":"https:\/\/www.auberceaudor.ch\/en\/shop\/"},{"@type":"ListItem","position":3,"name":"Bedroom","item":"https:\/\/www.auberceaudor.ch\/en\/c\/baby-room\/"},{"@type":"ListItem","position":4,"name":"Bedroom accessories","item":"https:\/\/www.auberceaudor.ch\/en\/c\/bedroom-accessories-baby\/"},{"@type":"ListItem","position":5,"name":"Newborn Accessories","item":"https:\/\/www.auberceaudor.ch\/en\/c\/newborn-accessories\/"},{"@type":"ListItem","position":6,"name":"Wide incliner"}]},{"@type":"WebSite","@id":"https:\/\/www.auberceaudor.ch\/en\/#website","url":"https:\/\/www.auberceaudor.ch\/en\/","name":"Au Berceau d&#039;Or","description":"Articles pour b\u00e9b\u00e9s et futures mamans","publisher":{"@id":"https:\/\/www.auberceaudor.ch\/en\/#organization"},"potentialAction":[{"@type":"SearchAction","target":{"@type":"EntryPoint","urlTemplate":"https:\/\/www.auberceaudor.ch\/en\/?s={search_term_string}"},"query-input":{"@type":"PropertyValueSpecification","valueRequired":true,"valueName":"search_term_string"}}],"inLanguage":"en-US"},{"@type":"Organization","@id":"https:\/\/www.auberceaudor.ch\/en\/#organization","name":"Au Berceau d'Or","url":"https:\/\/www.auberceaudor.ch\/en\/","logo":{"@type":"ImageObject","inLanguage":"en-US","@id":"https:\/\/www.auberceaudor.ch\/en\/#\/schema\/logo\/image\/","url":"https:\/\/www.auberceaudor.ch\/wp-content\/uploads\/2020\/04\/logo-inline.svg","contentUrl":"https:\/\/www.auberceaudor.ch\/wp-content\/uploads\/2020\/04\/logo-inline.svg","width":628,"height":94,"caption":"Au Berceau d'Or"},"image":{"@id":"https:\/\/www.auberceaudor.ch\/en\/#\/schema\/logo\/image\/"},"sameAs":["https:\/\/www.facebook.com\/auberceaudor\/","https:\/\/www.instagram.com\/auberceaudor\/"]}]},"product_brand":"Doomoo","product_price_amount":"41.90","product_price_currency":"CHF","og_availability":"instock","product_availability":"instock","product_condition":"new"},"_links":{"self":[{"href":"https:\/\/www.auberceaudor.ch\/en\/wp-json\/wp\/v2\/product\/8485","targetHints":{"allow":["GET"]}}],"collection":[{"href":"https:\/\/www.auberceaudor.ch\/en\/wp-json\/wp\/v2\/product"}],"about":[{"href":"https:\/\/www.auberceaudor.ch\/en\/wp-json\/wp\/v2\/types\/product"}],"wp:featuredmedia":[{"embeddable":true,"href":"https:\/\/www.auberceaudor.ch\/en\/wp-json\/wp\/v2\/media\/8482"}],"wp:attachment":[{"href":"https:\/\/www.auberceaudor.ch\/en\/wp-json\/wp\/v2\/media?parent=8485"}],"wp:term":[{"taxonomy":"product_brand","embeddable":true,"href":"https:\/\/www.auberceaudor.ch\/en\/wp-json\/wp\/v2\/product_brand?post=8485"},{"taxonomy":"product_cat","embeddable":true,"href":"https:\/\/www.auberceaudor.ch\/en\/wp-json\/wp\/v2\/product_cat?post=8485"},{"taxonomy":"product_tag","embeddable":true,"href":"https:\/\/www.auberceaudor.ch\/en\/wp-json\/wp\/v2\/product_tag?post=8485"}],"curies":[{"name":"wp","href":"https:\/\/api.w.org\/{rel}","templated":true}]}}