{"id":43610,"date":"2026-03-11T12:00:41","date_gmt":"2026-03-11T11:00:41","guid":{"rendered":"https:\/\/www.auberceaudor.ch\/p\/coya-comfort-2026\/"},"modified":"2026-03-11T12:00:41","modified_gmt":"2026-03-11T11:00:41","slug":"coya-comfort-2026","status":"publish","type":"product","link":"https:\/\/www.auberceaudor.ch\/en\/p\/coya-comfort-2026\/","title":{"rendered":"Coya Comfort 2026"},"content":{"rendered":"<p>Commencez une nouvelle \u00e8re de voyage avec le Coya, un buggy ultra-compact alliant design embl\u00e9matique et confort. Compatible avec les bagages \u00e0 main, il peut \u00e9galement \u00eatre associ\u00e9 \u00e0 une nacelle pliante, un si\u00e8ge auto pour b\u00e9b\u00e9 ou un si\u00e8ge de poussette pour la commodit\u00e9 du syst\u00e8me de voyage.<\/p>\n","protected":false},"excerpt":{"rendered":"<p>Pre-order now, delivery April\/May<\/p>\n<p>From birth until around 4 years old. Maximum 22 kg<\/p>\n<p>Carrycot and car seat sold separately<\/p>\n","protected":false},"featured_media":42928,"template":"","meta":{"_acf_changed":false},"product_brand":[964],"product_cat":[1080,1013],"product_tag":[],"class_list":{"0":"post-43610","1":"product","2":"type-product","3":"status-publish","4":"has-post-thumbnail","6":"product_brand-cybex","7":"selection-poussettes-cybex-en","8":"product_cat-strollers-single-prams","9":"product_cat-strollers","11":"first","12":"instock","13":"shipping-taxable","14":"purchasable","15":"product-type-variable","16":"has-default-attributes"},"acf":[],"yoast_head":"<!-- This site is optimized with the Yoast SEO Premium plugin v26.6 (Yoast SEO v26.6) - https:\/\/yoast.com\/wordpress\/plugins\/seo\/ -->\n<title>Coya Comfort 2026 - Au Berceau d&#039;Or<\/title>\n<meta name=\"description\" content=\"New Cybex Coya Comfort is sold separately to create your ideal stroller\" \/>\n<meta name=\"robots\" content=\"index, follow, max-snippet:-1, max-image-preview:large, max-video-preview:-1\" \/>\n<link rel=\"canonical\" href=\"https:\/\/www.auberceaudor.ch\/en\/p\/coya-comfort-2026\/\" \/>\n<meta property=\"og:locale\" content=\"en_US\" \/>\n<meta property=\"og:type\" content=\"article\" \/>\n<meta property=\"og:title\" content=\"Coya Comfort 2026\" \/>\n<meta property=\"og:description\" content=\"Pre-order now, delivery April\/May  From birth until around 4 years old. Maximum 22 kg  Carrycot and car seat sold separately\" \/>\n<meta property=\"og:url\" content=\"https:\/\/www.auberceaudor.ch\/en\/p\/coya-comfort-2026\/\" \/>\n<meta property=\"og:site_name\" content=\"Au Berceau d&#039;Or\" \/>\n<meta property=\"article:publisher\" content=\"https:\/\/www.facebook.com\/auberceaudor\/\" \/>\n<meta property=\"og:image\" content=\"https:\/\/www.auberceaudor.ch\/wp-content\/uploads\/2026\/03\/coya-confort-beige-matt-1.jpeg\" \/>\n\t<meta property=\"og:image:width\" content=\"815\" \/>\n\t<meta property=\"og:image:height\" content=\"815\" \/>\n\t<meta property=\"og:image:type\" content=\"image\/jpeg\" \/>\n<meta name=\"twitter:card\" content=\"summary_large_image\" \/>\n<meta name=\"twitter:label1\" content=\"Availability\" \/>\n\t<meta name=\"twitter:data1\" content=\"In stock\" \/>\n<script type=\"application\/ld+json\" class=\"yoast-schema-graph\">{\"@context\":\"https:\/\/schema.org\",\"@graph\":[{\"@type\":\"WebPage\",\"@id\":\"https:\/\/www.auberceaudor.ch\/en\/p\/coya-comfort-2026\/\",\"url\":\"https:\/\/www.auberceaudor.ch\/en\/p\/coya-comfort-2026\/\",\"name\":\"Coya Comfort 2026 - Au Berceau d&#039;Or\",\"isPartOf\":{\"@id\":\"https:\/\/www.auberceaudor.ch\/en\/#website\"},\"primaryImageOfPage\":{\"@id\":\"https:\/\/www.auberceaudor.ch\/en\/p\/coya-comfort-2026\/#primaryimage\"},\"image\":{\"@id\":\"https:\/\/www.auberceaudor.ch\/en\/p\/coya-comfort-2026\/#primaryimage\"},\"thumbnailUrl\":\"https:\/\/www.auberceaudor.ch\/wp-content\/uploads\/2026\/03\/coya-confort-beige-matt-1.jpeg\",\"datePublished\":\"2026-03-11T11:00:41+00:00\",\"description\":\"New Cybex Coya Comfort is sold separately to create your ideal stroller\",\"breadcrumb\":{\"@id\":\"https:\/\/www.auberceaudor.ch\/en\/p\/coya-comfort-2026\/#breadcrumb\"},\"inLanguage\":\"en-US\",\"potentialAction\":[{\"@type\":\"ReadAction\",\"target\":[\"https:\/\/www.auberceaudor.ch\/en\/p\/coya-comfort-2026\/\"]}]},{\"@type\":\"ImageObject\",\"inLanguage\":\"en-US\",\"@id\":\"https:\/\/www.auberceaudor.ch\/en\/p\/coya-comfort-2026\/#primaryimage\",\"url\":\"https:\/\/www.auberceaudor.ch\/wp-content\/uploads\/2026\/03\/coya-confort-beige-matt-1.jpeg\",\"contentUrl\":\"https:\/\/www.auberceaudor.ch\/wp-content\/uploads\/2026\/03\/coya-confort-beige-matt-1.jpeg\",\"width\":815,\"height\":815},{\"@type\":\"BreadcrumbList\",\"@id\":\"https:\/\/www.auberceaudor.ch\/en\/p\/coya-comfort-2026\/#breadcrumb\",\"itemListElement\":[{\"@type\":\"ListItem\",\"position\":1,\"name\":\"Accueil\",\"item\":\"https:\/\/www.auberceaudor.ch\/en\/\"},{\"@type\":\"ListItem\",\"position\":2,\"name\":\"Shop\",\"item\":\"https:\/\/www.auberceaudor.ch\/en\/shop\/\"},{\"@type\":\"ListItem\",\"position\":3,\"name\":\"Walks\",\"item\":\"https:\/\/www.auberceaudor.ch\/en\/c\/walks-baby\/\"},{\"@type\":\"ListItem\",\"position\":4,\"name\":\"Strollers\",\"item\":\"https:\/\/www.auberceaudor.ch\/en\/c\/strollers\/\"},{\"@type\":\"ListItem\",\"position\":5,\"name\":\"Coya Comfort 2026\"}]},{\"@type\":\"WebSite\",\"@id\":\"https:\/\/www.auberceaudor.ch\/en\/#website\",\"url\":\"https:\/\/www.auberceaudor.ch\/en\/\",\"name\":\"Au Berceau d&#039;Or\",\"description\":\"Articles pour b\u00e9b\u00e9s et futures mamans\",\"publisher\":{\"@id\":\"https:\/\/www.auberceaudor.ch\/en\/#organization\"},\"potentialAction\":[{\"@type\":\"SearchAction\",\"target\":{\"@type\":\"EntryPoint\",\"urlTemplate\":\"https:\/\/www.auberceaudor.ch\/en\/?s={search_term_string}\"},\"query-input\":{\"@type\":\"PropertyValueSpecification\",\"valueRequired\":true,\"valueName\":\"search_term_string\"}}],\"inLanguage\":\"en-US\"},{\"@type\":\"Organization\",\"@id\":\"https:\/\/www.auberceaudor.ch\/en\/#organization\",\"name\":\"Au Berceau d'Or\",\"url\":\"https:\/\/www.auberceaudor.ch\/en\/\",\"logo\":{\"@type\":\"ImageObject\",\"inLanguage\":\"en-US\",\"@id\":\"https:\/\/www.auberceaudor.ch\/en\/#\/schema\/logo\/image\/\",\"url\":\"https:\/\/www.auberceaudor.ch\/wp-content\/uploads\/2020\/04\/logo-inline.svg\",\"contentUrl\":\"https:\/\/www.auberceaudor.ch\/wp-content\/uploads\/2020\/04\/logo-inline.svg\",\"width\":628,\"height\":94,\"caption\":\"Au Berceau d'Or\"},\"image\":{\"@id\":\"https:\/\/www.auberceaudor.ch\/en\/#\/schema\/logo\/image\/\"},\"sameAs\":[\"https:\/\/www.facebook.com\/auberceaudor\/\",\"https:\/\/www.instagram.com\/auberceaudor\/\"]}]}<\/script>\n<meta property=\"product:brand\" content=\"Cybex\" \/>\n<meta property=\"og:availability\" content=\"instock\" \/>\n<meta property=\"product:availability\" content=\"instock\" \/>\n<meta property=\"product:condition\" content=\"new\" \/>\n<!-- \/ Yoast SEO Premium plugin. -->","yoast_head_json":{"title":"Coya Comfort 2026 - Au Berceau d&#039;Or","description":"New Cybex Coya Comfort is sold separately to create your ideal stroller","robots":{"index":"index","follow":"follow","max-snippet":"max-snippet:-1","max-image-preview":"max-image-preview:large","max-video-preview":"max-video-preview:-1"},"canonical":"https:\/\/www.auberceaudor.ch\/en\/p\/coya-comfort-2026\/","og_locale":"en_US","og_type":"article","og_title":"Coya Comfort 2026","og_description":"Pre-order now, delivery April\/May  From birth until around 4 years old. Maximum 22 kg  Carrycot and car seat sold separately","og_url":"https:\/\/www.auberceaudor.ch\/en\/p\/coya-comfort-2026\/","og_site_name":"Au Berceau d&#039;Or","article_publisher":"https:\/\/www.facebook.com\/auberceaudor\/","og_image":[{"width":815,"height":815,"url":"https:\/\/www.auberceaudor.ch\/wp-content\/uploads\/2026\/03\/coya-confort-beige-matt-1.jpeg","type":"image\/jpeg"}],"twitter_card":"summary_large_image","twitter_misc":{"Availability":"In stock"},"schema":{"@context":"https:\/\/schema.org","@graph":[{"@type":"WebPage","@id":"https:\/\/www.auberceaudor.ch\/en\/p\/coya-comfort-2026\/","url":"https:\/\/www.auberceaudor.ch\/en\/p\/coya-comfort-2026\/","name":"Coya Comfort 2026 - Au Berceau d&#039;Or","isPartOf":{"@id":"https:\/\/www.auberceaudor.ch\/en\/#website"},"primaryImageOfPage":{"@id":"https:\/\/www.auberceaudor.ch\/en\/p\/coya-comfort-2026\/#primaryimage"},"image":{"@id":"https:\/\/www.auberceaudor.ch\/en\/p\/coya-comfort-2026\/#primaryimage"},"thumbnailUrl":"https:\/\/www.auberceaudor.ch\/wp-content\/uploads\/2026\/03\/coya-confort-beige-matt-1.jpeg","datePublished":"2026-03-11T11:00:41+00:00","description":"New Cybex Coya Comfort is sold separately to create your ideal stroller","breadcrumb":{"@id":"https:\/\/www.auberceaudor.ch\/en\/p\/coya-comfort-2026\/#breadcrumb"},"inLanguage":"en-US","potentialAction":[{"@type":"ReadAction","target":["https:\/\/www.auberceaudor.ch\/en\/p\/coya-comfort-2026\/"]}]},{"@type":"ImageObject","inLanguage":"en-US","@id":"https:\/\/www.auberceaudor.ch\/en\/p\/coya-comfort-2026\/#primaryimage","url":"https:\/\/www.auberceaudor.ch\/wp-content\/uploads\/2026\/03\/coya-confort-beige-matt-1.jpeg","contentUrl":"https:\/\/www.auberceaudor.ch\/wp-content\/uploads\/2026\/03\/coya-confort-beige-matt-1.jpeg","width":815,"height":815},{"@type":"BreadcrumbList","@id":"https:\/\/www.auberceaudor.ch\/en\/p\/coya-comfort-2026\/#breadcrumb","itemListElement":[{"@type":"ListItem","position":1,"name":"Accueil","item":"https:\/\/www.auberceaudor.ch\/en\/"},{"@type":"ListItem","position":2,"name":"Shop","item":"https:\/\/www.auberceaudor.ch\/en\/shop\/"},{"@type":"ListItem","position":3,"name":"Walks","item":"https:\/\/www.auberceaudor.ch\/en\/c\/walks-baby\/"},{"@type":"ListItem","position":4,"name":"Strollers","item":"https:\/\/www.auberceaudor.ch\/en\/c\/strollers\/"},{"@type":"ListItem","position":5,"name":"Coya Comfort 2026"}]},{"@type":"WebSite","@id":"https:\/\/www.auberceaudor.ch\/en\/#website","url":"https:\/\/www.auberceaudor.ch\/en\/","name":"Au Berceau d&#039;Or","description":"Articles pour b\u00e9b\u00e9s et futures mamans","publisher":{"@id":"https:\/\/www.auberceaudor.ch\/en\/#organization"},"potentialAction":[{"@type":"SearchAction","target":{"@type":"EntryPoint","urlTemplate":"https:\/\/www.auberceaudor.ch\/en\/?s={search_term_string}"},"query-input":{"@type":"PropertyValueSpecification","valueRequired":true,"valueName":"search_term_string"}}],"inLanguage":"en-US"},{"@type":"Organization","@id":"https:\/\/www.auberceaudor.ch\/en\/#organization","name":"Au Berceau d'Or","url":"https:\/\/www.auberceaudor.ch\/en\/","logo":{"@type":"ImageObject","inLanguage":"en-US","@id":"https:\/\/www.auberceaudor.ch\/en\/#\/schema\/logo\/image\/","url":"https:\/\/www.auberceaudor.ch\/wp-content\/uploads\/2020\/04\/logo-inline.svg","contentUrl":"https:\/\/www.auberceaudor.ch\/wp-content\/uploads\/2020\/04\/logo-inline.svg","width":628,"height":94,"caption":"Au Berceau d'Or"},"image":{"@id":"https:\/\/www.auberceaudor.ch\/en\/#\/schema\/logo\/image\/"},"sameAs":["https:\/\/www.facebook.com\/auberceaudor\/","https:\/\/www.instagram.com\/auberceaudor\/"]}]},"product_brand":"Cybex","og_availability":"instock","product_availability":"instock","product_condition":"new"},"_links":{"self":[{"href":"https:\/\/www.auberceaudor.ch\/en\/wp-json\/wp\/v2\/product\/43610","targetHints":{"allow":["GET"]}}],"collection":[{"href":"https:\/\/www.auberceaudor.ch\/en\/wp-json\/wp\/v2\/product"}],"about":[{"href":"https:\/\/www.auberceaudor.ch\/en\/wp-json\/wp\/v2\/types\/product"}],"wp:featuredmedia":[{"embeddable":true,"href":"https:\/\/www.auberceaudor.ch\/en\/wp-json\/wp\/v2\/media\/42928"}],"wp:attachment":[{"href":"https:\/\/www.auberceaudor.ch\/en\/wp-json\/wp\/v2\/media?parent=43610"}],"wp:term":[{"taxonomy":"product_brand","embeddable":true,"href":"https:\/\/www.auberceaudor.ch\/en\/wp-json\/wp\/v2\/product_brand?post=43610"},{"taxonomy":"product_cat","embeddable":true,"href":"https:\/\/www.auberceaudor.ch\/en\/wp-json\/wp\/v2\/product_cat?post=43610"},{"taxonomy":"product_tag","embeddable":true,"href":"https:\/\/www.auberceaudor.ch\/en\/wp-json\/wp\/v2\/product_tag?post=43610"}],"curies":[{"name":"wp","href":"https:\/\/api.w.org\/{rel}","templated":true}]}}