{"id":43605,"date":"2026-03-09T17:52:59","date_gmt":"2026-03-09T16:52:59","guid":{"rendered":"https:\/\/www.auberceaudor.ch\/p\/e-priam-pack-carrycot-seat-new-generation-2026\/"},"modified":"2026-03-09T17:52:59","modified_gmt":"2026-03-09T16:52:59","slug":"e-priam-pack-carrycot-seat-new-generation-2026","status":"publish","type":"product","link":"https:\/\/www.auberceaudor.ch\/en\/p\/e-priam-pack-carrycot-seat-new-generation-2026\/","title":{"rendered":"e-Priam pack, Carrycot\/seat New Generation 2026"},"content":{"rendered":"<p>La e-Priam allie design embl\u00e9matique et technologie intelligente pour des promenades quotidiennes sans effort. Le mode Bercer balance doucement votre b\u00e9b\u00e9 d&#8217;avant en arri\u00e8re \u2013 contr\u00f4l\u00e9 via l&#8217;application e-Priam. Avec le nouveau Lit Pliant qui se replie compactement sur le cadre, il est plus facile \u00e0 ranger et plus simple \u00e0 emporter.<\/p>\n<p>La technologie de pointe rencontre une v\u00e9ritable ic\u00f4ne du design dans l&#8217;e-Priam, offrant aux parents une libert\u00e9 \u00e9lectrique d\u00e8s le tout d\u00e9but. Cette poussette rend chaque trajet fluide sur les surfaces irr\u00e9guli\u00e8res, facilitant les d\u00e9placements sur les pav\u00e9s, les chemins de parc et les promenades sur le sable. Un mode bercement innovant, contr\u00f4l\u00e9 via l&#8217;application d\u00e9di\u00e9e de l&#8217;e-Priam, balance doucement la poussette d&#8217;avant en arri\u00e8re pour calmer votre b\u00e9b\u00e9 et l&#8217;aider \u00e0 s&#8217;endormir. La nacelle pliable se replie \u00e0 moiti\u00e9 de sa taille tout en restant attach\u00e9 au ch\u00e2ssis, transformant l&#8217;e-Priam en un compagnon gain de place qui se glisse facilement dans le coffre de la voiture sans compromettre le confort du nouveau-n\u00e9. Pr\u00eate pour le syst\u00e8me de voyage, cette poussette rend les sorties fluides de la maison \u00e0 la destination. Chaque d\u00e9tail de l&#8217;e-Priam combine une ing\u00e9nierie intelligente avec un design premium pour donner du pouvoir aux parents.<\/p>\n<p><strong>Inclus : G\u00e9n\u00e9ration 2026<\/strong><\/p>\n<ul>\n<li>Ch\u00e2ssis e-Priam incl. roues<\/li>\n<li>Unit\u00e9 si\u00e8ge (parties dures et articles souples incluant le panier coordonn\u00e9 en couleur)<\/li>\n<li>Nacelle Priam Pliante Lux<\/li>\n<li>Adaptateurs si\u00e8ge auto<\/li>\n<li>Housse de pluie Si\u00e8ge Lux<\/li>\n<li>Housse de pluie Nacelle Pliante Lux<\/li>\n<li>Adaptateurs Nacelle Priam Pliante Lux<\/li>\n<li>Guide d\u2019utilisation<\/li>\n<\/ul>\n<p>&nbsp;<\/p>\n<p>&nbsp;<\/p>\n<p>&nbsp;<\/p>\n<p>&nbsp;<\/p>\n<p>&nbsp;<\/p>\n<p>&nbsp;<\/p>\n<p>&nbsp;<\/p>\n<p>&nbsp;<\/p>\n<p>&nbsp;<\/p>\n<p>&nbsp;<\/p>\n<p>&nbsp;<\/p>\n<p>&nbsp;<\/p>\n<p>&nbsp;<\/p>\n<p>&nbsp;<\/p>\n<p>&nbsp;<\/p>\n<p>&nbsp;<\/p>\n<p>&nbsp;<\/p>\n<p>&nbsp;<\/p>\n<p>&nbsp;<\/p>\n<p>&nbsp;<\/p>\n<p>&nbsp;<\/p>\n<p>&nbsp;<\/p>\n<p>&nbsp;<\/p>\n<p>&nbsp;<\/p>\n<p>&nbsp;<\/p>\n","protected":false},"excerpt":{"rendered":"<p><br data-mce-bogus=\"1\"><\/p>\n","protected":false},"featured_media":42682,"template":"","meta":{"_acf_changed":false},"product_brand":[964],"product_cat":[1016,1015,1013],"product_tag":[],"class_list":{"0":"post-43605","1":"product","2":"type-product","3":"status-publish","4":"has-post-thumbnail","6":"product_brand-cybex","7":"selection-poussettes-cybex-en","8":"product_cat-strollers-complete-packs","9":"product_cat-stroller-frame","10":"product_cat-strollers","12":"first","13":"instock","14":"shipping-taxable","15":"purchasable","16":"product-type-variable","17":"has-default-attributes"},"acf":[],"yoast_head":"<!-- This site is optimized with the Yoast SEO Premium plugin v26.6 (Yoast SEO v26.6) - https:\/\/yoast.com\/wordpress\/plugins\/seo\/ -->\n<title>e-Priam pack, Carrycot\/seat New Generation 2026 - Au Berceau d&#039;Or<\/title>\n<meta name=\"description\" content=\"New Cybex e-Priam with compact carrycot\" \/>\n<meta name=\"robots\" content=\"index, follow, max-snippet:-1, max-image-preview:large, max-video-preview:-1\" \/>\n<link rel=\"canonical\" href=\"https:\/\/www.auberceaudor.ch\/en\/p\/e-priam-pack-carrycot-seat-new-generation-2026\/\" \/>\n<meta property=\"og:locale\" content=\"en_US\" \/>\n<meta property=\"og:type\" content=\"article\" \/>\n<meta property=\"og:title\" content=\"e-Priam pack, Carrycot\/seat New Generation 2026\" \/>\n<meta property=\"og:url\" content=\"https:\/\/www.auberceaudor.ch\/en\/p\/e-priam-pack-carrycot-seat-new-generation-2026\/\" \/>\n<meta property=\"og:site_name\" content=\"Au Berceau d&#039;Or\" \/>\n<meta property=\"article:publisher\" content=\"https:\/\/www.facebook.com\/auberceaudor\/\" \/>\n<meta property=\"og:image\" content=\"https:\/\/www.auberceaudor.ch\/wp-content\/uploads\/2026\/03\/epriam-matt-cosy-1.jpeg\" \/>\n\t<meta property=\"og:image:width\" content=\"815\" \/>\n\t<meta property=\"og:image:height\" content=\"815\" \/>\n\t<meta property=\"og:image:type\" content=\"image\/jpeg\" \/>\n<meta name=\"twitter:card\" content=\"summary_large_image\" \/>\n<meta name=\"twitter:label1\" content=\"Availability\" \/>\n\t<meta name=\"twitter:data1\" content=\"In stock\" \/>\n<script type=\"application\/ld+json\" class=\"yoast-schema-graph\">{\"@context\":\"https:\/\/schema.org\",\"@graph\":[{\"@type\":\"WebPage\",\"@id\":\"https:\/\/www.auberceaudor.ch\/en\/p\/e-priam-pack-carrycot-seat-new-generation-2026\/\",\"url\":\"https:\/\/www.auberceaudor.ch\/en\/p\/e-priam-pack-carrycot-seat-new-generation-2026\/\",\"name\":\"e-Priam pack, Carrycot\/seat New Generation 2026 - Au Berceau d&#039;Or\",\"isPartOf\":{\"@id\":\"https:\/\/www.auberceaudor.ch\/en\/#website\"},\"primaryImageOfPage\":{\"@id\":\"https:\/\/www.auberceaudor.ch\/en\/p\/e-priam-pack-carrycot-seat-new-generation-2026\/#primaryimage\"},\"image\":{\"@id\":\"https:\/\/www.auberceaudor.ch\/en\/p\/e-priam-pack-carrycot-seat-new-generation-2026\/#primaryimage\"},\"thumbnailUrl\":\"https:\/\/www.auberceaudor.ch\/wp-content\/uploads\/2026\/03\/epriam-matt-cosy-1.jpeg\",\"datePublished\":\"2026-03-09T16:52:59+00:00\",\"description\":\"New Cybex e-Priam with compact carrycot\",\"breadcrumb\":{\"@id\":\"https:\/\/www.auberceaudor.ch\/en\/p\/e-priam-pack-carrycot-seat-new-generation-2026\/#breadcrumb\"},\"inLanguage\":\"en-US\",\"potentialAction\":[{\"@type\":\"ReadAction\",\"target\":[\"https:\/\/www.auberceaudor.ch\/en\/p\/e-priam-pack-carrycot-seat-new-generation-2026\/\"]}]},{\"@type\":\"ImageObject\",\"inLanguage\":\"en-US\",\"@id\":\"https:\/\/www.auberceaudor.ch\/en\/p\/e-priam-pack-carrycot-seat-new-generation-2026\/#primaryimage\",\"url\":\"https:\/\/www.auberceaudor.ch\/wp-content\/uploads\/2026\/03\/epriam-matt-cosy-1.jpeg\",\"contentUrl\":\"https:\/\/www.auberceaudor.ch\/wp-content\/uploads\/2026\/03\/epriam-matt-cosy-1.jpeg\",\"width\":815,\"height\":815},{\"@type\":\"BreadcrumbList\",\"@id\":\"https:\/\/www.auberceaudor.ch\/en\/p\/e-priam-pack-carrycot-seat-new-generation-2026\/#breadcrumb\",\"itemListElement\":[{\"@type\":\"ListItem\",\"position\":1,\"name\":\"Accueil\",\"item\":\"https:\/\/www.auberceaudor.ch\/en\/\"},{\"@type\":\"ListItem\",\"position\":2,\"name\":\"Shop\",\"item\":\"https:\/\/www.auberceaudor.ch\/en\/shop\/\"},{\"@type\":\"ListItem\",\"position\":3,\"name\":\"Walks\",\"item\":\"https:\/\/www.auberceaudor.ch\/en\/c\/walks-baby\/\"},{\"@type\":\"ListItem\",\"position\":4,\"name\":\"Strollers\",\"item\":\"https:\/\/www.auberceaudor.ch\/en\/c\/strollers\/\"},{\"@type\":\"ListItem\",\"position\":5,\"name\":\"e-Priam pack, Carrycot\/seat New Generation 2026\"}]},{\"@type\":\"WebSite\",\"@id\":\"https:\/\/www.auberceaudor.ch\/en\/#website\",\"url\":\"https:\/\/www.auberceaudor.ch\/en\/\",\"name\":\"Au Berceau d&#039;Or\",\"description\":\"Articles pour b\u00e9b\u00e9s et futures mamans\",\"publisher\":{\"@id\":\"https:\/\/www.auberceaudor.ch\/en\/#organization\"},\"potentialAction\":[{\"@type\":\"SearchAction\",\"target\":{\"@type\":\"EntryPoint\",\"urlTemplate\":\"https:\/\/www.auberceaudor.ch\/en\/?s={search_term_string}\"},\"query-input\":{\"@type\":\"PropertyValueSpecification\",\"valueRequired\":true,\"valueName\":\"search_term_string\"}}],\"inLanguage\":\"en-US\"},{\"@type\":\"Organization\",\"@id\":\"https:\/\/www.auberceaudor.ch\/en\/#organization\",\"name\":\"Au Berceau d'Or\",\"url\":\"https:\/\/www.auberceaudor.ch\/en\/\",\"logo\":{\"@type\":\"ImageObject\",\"inLanguage\":\"en-US\",\"@id\":\"https:\/\/www.auberceaudor.ch\/en\/#\/schema\/logo\/image\/\",\"url\":\"https:\/\/www.auberceaudor.ch\/wp-content\/uploads\/2020\/04\/logo-inline.svg\",\"contentUrl\":\"https:\/\/www.auberceaudor.ch\/wp-content\/uploads\/2020\/04\/logo-inline.svg\",\"width\":628,\"height\":94,\"caption\":\"Au Berceau d'Or\"},\"image\":{\"@id\":\"https:\/\/www.auberceaudor.ch\/en\/#\/schema\/logo\/image\/\"},\"sameAs\":[\"https:\/\/www.facebook.com\/auberceaudor\/\",\"https:\/\/www.instagram.com\/auberceaudor\/\"]}]}<\/script>\n<meta property=\"product:brand\" content=\"Cybex\" \/>\n<meta property=\"og:availability\" content=\"instock\" \/>\n<meta property=\"product:availability\" content=\"instock\" \/>\n<meta property=\"product:condition\" content=\"new\" \/>\n<!-- \/ Yoast SEO Premium plugin. -->","yoast_head_json":{"title":"e-Priam pack, Carrycot\/seat New Generation 2026 - Au Berceau d&#039;Or","description":"New Cybex e-Priam with compact carrycot","robots":{"index":"index","follow":"follow","max-snippet":"max-snippet:-1","max-image-preview":"max-image-preview:large","max-video-preview":"max-video-preview:-1"},"canonical":"https:\/\/www.auberceaudor.ch\/en\/p\/e-priam-pack-carrycot-seat-new-generation-2026\/","og_locale":"en_US","og_type":"article","og_title":"e-Priam pack, Carrycot\/seat New Generation 2026","og_url":"https:\/\/www.auberceaudor.ch\/en\/p\/e-priam-pack-carrycot-seat-new-generation-2026\/","og_site_name":"Au Berceau d&#039;Or","article_publisher":"https:\/\/www.facebook.com\/auberceaudor\/","og_image":[{"width":815,"height":815,"url":"https:\/\/www.auberceaudor.ch\/wp-content\/uploads\/2026\/03\/epriam-matt-cosy-1.jpeg","type":"image\/jpeg"}],"twitter_card":"summary_large_image","twitter_misc":{"Availability":"In stock"},"schema":{"@context":"https:\/\/schema.org","@graph":[{"@type":"WebPage","@id":"https:\/\/www.auberceaudor.ch\/en\/p\/e-priam-pack-carrycot-seat-new-generation-2026\/","url":"https:\/\/www.auberceaudor.ch\/en\/p\/e-priam-pack-carrycot-seat-new-generation-2026\/","name":"e-Priam pack, Carrycot\/seat New Generation 2026 - Au Berceau d&#039;Or","isPartOf":{"@id":"https:\/\/www.auberceaudor.ch\/en\/#website"},"primaryImageOfPage":{"@id":"https:\/\/www.auberceaudor.ch\/en\/p\/e-priam-pack-carrycot-seat-new-generation-2026\/#primaryimage"},"image":{"@id":"https:\/\/www.auberceaudor.ch\/en\/p\/e-priam-pack-carrycot-seat-new-generation-2026\/#primaryimage"},"thumbnailUrl":"https:\/\/www.auberceaudor.ch\/wp-content\/uploads\/2026\/03\/epriam-matt-cosy-1.jpeg","datePublished":"2026-03-09T16:52:59+00:00","description":"New Cybex e-Priam with compact carrycot","breadcrumb":{"@id":"https:\/\/www.auberceaudor.ch\/en\/p\/e-priam-pack-carrycot-seat-new-generation-2026\/#breadcrumb"},"inLanguage":"en-US","potentialAction":[{"@type":"ReadAction","target":["https:\/\/www.auberceaudor.ch\/en\/p\/e-priam-pack-carrycot-seat-new-generation-2026\/"]}]},{"@type":"ImageObject","inLanguage":"en-US","@id":"https:\/\/www.auberceaudor.ch\/en\/p\/e-priam-pack-carrycot-seat-new-generation-2026\/#primaryimage","url":"https:\/\/www.auberceaudor.ch\/wp-content\/uploads\/2026\/03\/epriam-matt-cosy-1.jpeg","contentUrl":"https:\/\/www.auberceaudor.ch\/wp-content\/uploads\/2026\/03\/epriam-matt-cosy-1.jpeg","width":815,"height":815},{"@type":"BreadcrumbList","@id":"https:\/\/www.auberceaudor.ch\/en\/p\/e-priam-pack-carrycot-seat-new-generation-2026\/#breadcrumb","itemListElement":[{"@type":"ListItem","position":1,"name":"Accueil","item":"https:\/\/www.auberceaudor.ch\/en\/"},{"@type":"ListItem","position":2,"name":"Shop","item":"https:\/\/www.auberceaudor.ch\/en\/shop\/"},{"@type":"ListItem","position":3,"name":"Walks","item":"https:\/\/www.auberceaudor.ch\/en\/c\/walks-baby\/"},{"@type":"ListItem","position":4,"name":"Strollers","item":"https:\/\/www.auberceaudor.ch\/en\/c\/strollers\/"},{"@type":"ListItem","position":5,"name":"e-Priam pack, Carrycot\/seat New Generation 2026"}]},{"@type":"WebSite","@id":"https:\/\/www.auberceaudor.ch\/en\/#website","url":"https:\/\/www.auberceaudor.ch\/en\/","name":"Au Berceau d&#039;Or","description":"Articles pour b\u00e9b\u00e9s et futures mamans","publisher":{"@id":"https:\/\/www.auberceaudor.ch\/en\/#organization"},"potentialAction":[{"@type":"SearchAction","target":{"@type":"EntryPoint","urlTemplate":"https:\/\/www.auberceaudor.ch\/en\/?s={search_term_string}"},"query-input":{"@type":"PropertyValueSpecification","valueRequired":true,"valueName":"search_term_string"}}],"inLanguage":"en-US"},{"@type":"Organization","@id":"https:\/\/www.auberceaudor.ch\/en\/#organization","name":"Au Berceau d'Or","url":"https:\/\/www.auberceaudor.ch\/en\/","logo":{"@type":"ImageObject","inLanguage":"en-US","@id":"https:\/\/www.auberceaudor.ch\/en\/#\/schema\/logo\/image\/","url":"https:\/\/www.auberceaudor.ch\/wp-content\/uploads\/2020\/04\/logo-inline.svg","contentUrl":"https:\/\/www.auberceaudor.ch\/wp-content\/uploads\/2020\/04\/logo-inline.svg","width":628,"height":94,"caption":"Au Berceau d'Or"},"image":{"@id":"https:\/\/www.auberceaudor.ch\/en\/#\/schema\/logo\/image\/"},"sameAs":["https:\/\/www.facebook.com\/auberceaudor\/","https:\/\/www.instagram.com\/auberceaudor\/"]}]},"product_brand":"Cybex","og_availability":"instock","product_availability":"instock","product_condition":"new"},"_links":{"self":[{"href":"https:\/\/www.auberceaudor.ch\/en\/wp-json\/wp\/v2\/product\/43605","targetHints":{"allow":["GET"]}}],"collection":[{"href":"https:\/\/www.auberceaudor.ch\/en\/wp-json\/wp\/v2\/product"}],"about":[{"href":"https:\/\/www.auberceaudor.ch\/en\/wp-json\/wp\/v2\/types\/product"}],"wp:featuredmedia":[{"embeddable":true,"href":"https:\/\/www.auberceaudor.ch\/en\/wp-json\/wp\/v2\/media\/42682"}],"wp:attachment":[{"href":"https:\/\/www.auberceaudor.ch\/en\/wp-json\/wp\/v2\/media?parent=43605"}],"wp:term":[{"taxonomy":"product_brand","embeddable":true,"href":"https:\/\/www.auberceaudor.ch\/en\/wp-json\/wp\/v2\/product_brand?post=43605"},{"taxonomy":"product_cat","embeddable":true,"href":"https:\/\/www.auberceaudor.ch\/en\/wp-json\/wp\/v2\/product_cat?post=43605"},{"taxonomy":"product_tag","embeddable":true,"href":"https:\/\/www.auberceaudor.ch\/en\/wp-json\/wp\/v2\/product_tag?post=43605"}],"curies":[{"name":"wp","href":"https:\/\/api.w.org\/{rel}","templated":true}]}}