{"id":43566,"date":"2026-03-07T13:37:58","date_gmt":"2026-03-07T12:37:58","guid":{"rendered":"https:\/\/www.auberceaudor.ch\/p\/carry-cot-mios-coya-luxury-folding-style-collection-2026\/"},"modified":"2026-04-04T14:30:32","modified_gmt":"2026-04-04T12:30:32","slug":"carry-cot-mios-coya-luxury-folding-style-collection-2026","status":"publish","type":"product","link":"https:\/\/www.auberceaudor.ch\/en\/p\/carry-cot-mios-coya-luxury-folding-style-collection-2026\/","title":{"rendered":"Luxury Folding Carry Cot Mios\/Coya Style Collection 2026"},"content":{"rendered":"<p>Con\u00e7u pour la vie en mouvement, le ch\u00e2ssis Mios est la base de la poussette urbaine compacte et l\u00e9g\u00e8re Mios. Son profil mince offre une \u00e9l\u00e9gance agile con\u00e7ue pour la vie urbaine de la naissance \u00e0 la petite enfance.<\/p>\n<p>Le ch\u00e2ssis Mios est con\u00e7u pour faire impression dans chacune de ses trois options de couleur. Son profil fin et l\u00e9ger vous permet de vous faufiler dans les rues \u00e9troites et les villes anim\u00e9es sans aucun souci. Con\u00e7u pour la vie en mouvement, il offre un confort et une flexibilit\u00e9 g\u00e9n\u00e9reux de la naissance jusqu&#8217;\u00e0 <\/p>\n","protected":false},"excerpt":{"rendered":"<p>Con\u00e7u pour la vie en mouvement, le ch\u00e2ssis Mios est la base de la poussette urbaine compacte et l\u00e9g\u00e8re Mios. Son profil mince offre une \u00e9l\u00e9gance agile con\u00e7ue pour la vie urbaine de la naissance \u00e0 la petite enfance.<\/p>\n<p>Le ch\u00e2ssis Mios est con\u00e7u pour faire impression dans chacune de ses trois options de couleur. Son profil fin et l\u00e9ger vous permet de vous faufiler dans les rues \u00e9troites et les villes anim\u00e9es sans aucun souci. Con\u00e7u pour la vie en mouvement, il offre un confort et une flexibilit\u00e9 g\u00e9n\u00e9reux de la naissance jusqu&#8217;\u00e0 <\/p>\n","protected":false},"featured_media":42479,"template":"","meta":{"_acf_changed":false},"product_brand":[964],"product_cat":[1018,1013],"product_tag":[],"class_list":{"0":"post-43566","1":"product","2":"type-product","3":"status-publish","4":"has-post-thumbnail","6":"product_brand-cybex","7":"selection-poussettes-cybex-en","8":"product_cat-stroller-carrycot","9":"product_cat-strollers","11":"first","12":"instock","13":"shipping-taxable","14":"purchasable","15":"product-type-variable","16":"has-default-attributes"},"acf":[],"yoast_head":"<!-- This site is optimized with the Yoast SEO Premium plugin v26.6 (Yoast SEO v26.6) - https:\/\/yoast.com\/wordpress\/plugins\/seo\/ -->\n<title>Luxury Folding Carry Cot Mios\/Coya Style Collection 2026 - Au Berceau d&#039;Or<\/title>\n<meta name=\"description\" content=\"New Cybex Style Folding Carry Cot for Mios and Coya, sold separately to create your favourite stroller\" \/>\n<meta name=\"robots\" content=\"index, follow, max-snippet:-1, max-image-preview:large, max-video-preview:-1\" \/>\n<link rel=\"canonical\" href=\"https:\/\/www.auberceaudor.ch\/en\/p\/carry-cot-mios-coya-luxury-folding-style-collection-2026\/\" \/>\n<meta property=\"og:locale\" content=\"en_US\" \/>\n<meta property=\"og:type\" content=\"article\" \/>\n<meta property=\"og:title\" content=\"Luxury Folding Carry Cot Mios\/Coya Style Collection 2026\" \/>\n<meta property=\"og:description\" content=\"Con\u00e7u pour la vie en mouvement, le ch\u00e2ssis Mios est la base de la poussette urbaine compacte et l\u00e9g\u00e8re Mios. Son profil mince offre une \u00e9l\u00e9gance agile con\u00e7ue pour la vie urbaine de la naissance \u00e0 la petite enfance. Le ch\u00e2ssis Mios est con\u00e7u pour faire impression dans chacune de ses trois options de couleur. Son profil fin et l\u00e9ger vous permet de vous faufiler dans les rues \u00e9troites et les villes anim\u00e9es sans aucun souci. Con\u00e7u pour la vie en mouvement, il offre un confort et une flexibilit\u00e9 g\u00e9n\u00e9reux de la naissance jusqu&#039;\u00e0\" \/>\n<meta property=\"og:url\" content=\"https:\/\/www.auberceaudor.ch\/en\/p\/carry-cot-mios-coya-luxury-folding-style-collection-2026\/\" \/>\n<meta property=\"og:site_name\" content=\"Au Berceau d&#039;Or\" \/>\n<meta property=\"article:publisher\" content=\"https:\/\/www.facebook.com\/auberceaudor\/\" \/>\n<meta property=\"article:modified_time\" content=\"2026-04-04T12:30:32+00:00\" \/>\n<meta property=\"og:image\" content=\"https:\/\/www.auberceaudor.ch\/wp-content\/uploads\/2026\/03\/nacelle-coya-cosy-beige-1.jpeg\" \/>\n\t<meta property=\"og:image:width\" content=\"2000\" \/>\n\t<meta property=\"og:image:height\" content=\"2000\" \/>\n\t<meta property=\"og:image:type\" content=\"image\/jpeg\" \/>\n<meta name=\"twitter:card\" content=\"summary_large_image\" \/>\n<meta name=\"twitter:label1\" content=\"Availability\" \/>\n\t<meta name=\"twitter:data1\" content=\"In stock\" \/>\n<script type=\"application\/ld+json\" class=\"yoast-schema-graph\">{\"@context\":\"https:\/\/schema.org\",\"@graph\":[{\"@type\":\"WebPage\",\"@id\":\"https:\/\/www.auberceaudor.ch\/en\/p\/carry-cot-mios-coya-luxury-folding-style-collection-2026\/\",\"url\":\"https:\/\/www.auberceaudor.ch\/en\/p\/carry-cot-mios-coya-luxury-folding-style-collection-2026\/\",\"name\":\"Luxury Folding Carry Cot Mios\/Coya Style Collection 2026 - Au Berceau d&#039;Or\",\"isPartOf\":{\"@id\":\"https:\/\/www.auberceaudor.ch\/en\/#website\"},\"primaryImageOfPage\":{\"@id\":\"https:\/\/www.auberceaudor.ch\/en\/p\/carry-cot-mios-coya-luxury-folding-style-collection-2026\/#primaryimage\"},\"image\":{\"@id\":\"https:\/\/www.auberceaudor.ch\/en\/p\/carry-cot-mios-coya-luxury-folding-style-collection-2026\/#primaryimage\"},\"thumbnailUrl\":\"https:\/\/www.auberceaudor.ch\/wp-content\/uploads\/2026\/03\/nacelle-coya-cosy-beige-1.jpeg\",\"datePublished\":\"2026-03-07T12:37:58+00:00\",\"dateModified\":\"2026-04-04T12:30:32+00:00\",\"description\":\"New Cybex Style Folding Carry Cot for Mios and Coya, sold separately to create your favourite stroller\",\"breadcrumb\":{\"@id\":\"https:\/\/www.auberceaudor.ch\/en\/p\/carry-cot-mios-coya-luxury-folding-style-collection-2026\/#breadcrumb\"},\"inLanguage\":\"en-US\",\"potentialAction\":[{\"@type\":\"ReadAction\",\"target\":[\"https:\/\/www.auberceaudor.ch\/en\/p\/carry-cot-mios-coya-luxury-folding-style-collection-2026\/\"]}]},{\"@type\":\"ImageObject\",\"inLanguage\":\"en-US\",\"@id\":\"https:\/\/www.auberceaudor.ch\/en\/p\/carry-cot-mios-coya-luxury-folding-style-collection-2026\/#primaryimage\",\"url\":\"https:\/\/www.auberceaudor.ch\/wp-content\/uploads\/2026\/03\/nacelle-coya-cosy-beige-1.jpeg\",\"contentUrl\":\"https:\/\/www.auberceaudor.ch\/wp-content\/uploads\/2026\/03\/nacelle-coya-cosy-beige-1.jpeg\",\"width\":2000,\"height\":2000},{\"@type\":\"BreadcrumbList\",\"@id\":\"https:\/\/www.auberceaudor.ch\/en\/p\/carry-cot-mios-coya-luxury-folding-style-collection-2026\/#breadcrumb\",\"itemListElement\":[{\"@type\":\"ListItem\",\"position\":1,\"name\":\"Accueil\",\"item\":\"https:\/\/www.auberceaudor.ch\/en\/\"},{\"@type\":\"ListItem\",\"position\":2,\"name\":\"Shop\",\"item\":\"https:\/\/www.auberceaudor.ch\/en\/shop\/\"},{\"@type\":\"ListItem\",\"position\":3,\"name\":\"Walks\",\"item\":\"https:\/\/www.auberceaudor.ch\/en\/c\/walks-baby\/\"},{\"@type\":\"ListItem\",\"position\":4,\"name\":\"Strollers\",\"item\":\"https:\/\/www.auberceaudor.ch\/en\/c\/strollers\/\"},{\"@type\":\"ListItem\",\"position\":5,\"name\":\"Luxury Folding Carry Cot Mios\/Coya Style Collection 2026\"}]},{\"@type\":\"WebSite\",\"@id\":\"https:\/\/www.auberceaudor.ch\/en\/#website\",\"url\":\"https:\/\/www.auberceaudor.ch\/en\/\",\"name\":\"Au Berceau d&#039;Or\",\"description\":\"Articles pour b\u00e9b\u00e9s et futures mamans\",\"publisher\":{\"@id\":\"https:\/\/www.auberceaudor.ch\/en\/#organization\"},\"potentialAction\":[{\"@type\":\"SearchAction\",\"target\":{\"@type\":\"EntryPoint\",\"urlTemplate\":\"https:\/\/www.auberceaudor.ch\/en\/?s={search_term_string}\"},\"query-input\":{\"@type\":\"PropertyValueSpecification\",\"valueRequired\":true,\"valueName\":\"search_term_string\"}}],\"inLanguage\":\"en-US\"},{\"@type\":\"Organization\",\"@id\":\"https:\/\/www.auberceaudor.ch\/en\/#organization\",\"name\":\"Au Berceau d'Or\",\"url\":\"https:\/\/www.auberceaudor.ch\/en\/\",\"logo\":{\"@type\":\"ImageObject\",\"inLanguage\":\"en-US\",\"@id\":\"https:\/\/www.auberceaudor.ch\/en\/#\/schema\/logo\/image\/\",\"url\":\"https:\/\/www.auberceaudor.ch\/wp-content\/uploads\/2020\/04\/logo-inline.svg\",\"contentUrl\":\"https:\/\/www.auberceaudor.ch\/wp-content\/uploads\/2020\/04\/logo-inline.svg\",\"width\":628,\"height\":94,\"caption\":\"Au Berceau d'Or\"},\"image\":{\"@id\":\"https:\/\/www.auberceaudor.ch\/en\/#\/schema\/logo\/image\/\"},\"sameAs\":[\"https:\/\/www.facebook.com\/auberceaudor\/\",\"https:\/\/www.instagram.com\/auberceaudor\/\"]}]}<\/script>\n<meta property=\"product:brand\" content=\"Cybex\" \/>\n<meta property=\"og:availability\" content=\"instock\" \/>\n<meta property=\"product:availability\" content=\"instock\" \/>\n<meta property=\"product:condition\" content=\"new\" \/>\n<!-- \/ Yoast SEO Premium plugin. -->","yoast_head_json":{"title":"Luxury Folding Carry Cot Mios\/Coya Style Collection 2026 - Au Berceau d&#039;Or","description":"New Cybex Style Folding Carry Cot for Mios and Coya, sold separately to create your favourite stroller","robots":{"index":"index","follow":"follow","max-snippet":"max-snippet:-1","max-image-preview":"max-image-preview:large","max-video-preview":"max-video-preview:-1"},"canonical":"https:\/\/www.auberceaudor.ch\/en\/p\/carry-cot-mios-coya-luxury-folding-style-collection-2026\/","og_locale":"en_US","og_type":"article","og_title":"Luxury Folding Carry Cot Mios\/Coya Style Collection 2026","og_description":"Con\u00e7u pour la vie en mouvement, le ch\u00e2ssis Mios est la base de la poussette urbaine compacte et l\u00e9g\u00e8re Mios. Son profil mince offre une \u00e9l\u00e9gance agile con\u00e7ue pour la vie urbaine de la naissance \u00e0 la petite enfance. Le ch\u00e2ssis Mios est con\u00e7u pour faire impression dans chacune de ses trois options de couleur. Son profil fin et l\u00e9ger vous permet de vous faufiler dans les rues \u00e9troites et les villes anim\u00e9es sans aucun souci. Con\u00e7u pour la vie en mouvement, il offre un confort et une flexibilit\u00e9 g\u00e9n\u00e9reux de la naissance jusqu'\u00e0","og_url":"https:\/\/www.auberceaudor.ch\/en\/p\/carry-cot-mios-coya-luxury-folding-style-collection-2026\/","og_site_name":"Au Berceau d&#039;Or","article_publisher":"https:\/\/www.facebook.com\/auberceaudor\/","article_modified_time":"2026-04-04T12:30:32+00:00","og_image":[{"width":2000,"height":2000,"url":"https:\/\/www.auberceaudor.ch\/wp-content\/uploads\/2026\/03\/nacelle-coya-cosy-beige-1.jpeg","type":"image\/jpeg"}],"twitter_card":"summary_large_image","twitter_misc":{"Availability":"In stock"},"schema":{"@context":"https:\/\/schema.org","@graph":[{"@type":"WebPage","@id":"https:\/\/www.auberceaudor.ch\/en\/p\/carry-cot-mios-coya-luxury-folding-style-collection-2026\/","url":"https:\/\/www.auberceaudor.ch\/en\/p\/carry-cot-mios-coya-luxury-folding-style-collection-2026\/","name":"Luxury Folding Carry Cot Mios\/Coya Style Collection 2026 - Au Berceau d&#039;Or","isPartOf":{"@id":"https:\/\/www.auberceaudor.ch\/en\/#website"},"primaryImageOfPage":{"@id":"https:\/\/www.auberceaudor.ch\/en\/p\/carry-cot-mios-coya-luxury-folding-style-collection-2026\/#primaryimage"},"image":{"@id":"https:\/\/www.auberceaudor.ch\/en\/p\/carry-cot-mios-coya-luxury-folding-style-collection-2026\/#primaryimage"},"thumbnailUrl":"https:\/\/www.auberceaudor.ch\/wp-content\/uploads\/2026\/03\/nacelle-coya-cosy-beige-1.jpeg","datePublished":"2026-03-07T12:37:58+00:00","dateModified":"2026-04-04T12:30:32+00:00","description":"New Cybex Style Folding Carry Cot for Mios and Coya, sold separately to create your favourite stroller","breadcrumb":{"@id":"https:\/\/www.auberceaudor.ch\/en\/p\/carry-cot-mios-coya-luxury-folding-style-collection-2026\/#breadcrumb"},"inLanguage":"en-US","potentialAction":[{"@type":"ReadAction","target":["https:\/\/www.auberceaudor.ch\/en\/p\/carry-cot-mios-coya-luxury-folding-style-collection-2026\/"]}]},{"@type":"ImageObject","inLanguage":"en-US","@id":"https:\/\/www.auberceaudor.ch\/en\/p\/carry-cot-mios-coya-luxury-folding-style-collection-2026\/#primaryimage","url":"https:\/\/www.auberceaudor.ch\/wp-content\/uploads\/2026\/03\/nacelle-coya-cosy-beige-1.jpeg","contentUrl":"https:\/\/www.auberceaudor.ch\/wp-content\/uploads\/2026\/03\/nacelle-coya-cosy-beige-1.jpeg","width":2000,"height":2000},{"@type":"BreadcrumbList","@id":"https:\/\/www.auberceaudor.ch\/en\/p\/carry-cot-mios-coya-luxury-folding-style-collection-2026\/#breadcrumb","itemListElement":[{"@type":"ListItem","position":1,"name":"Accueil","item":"https:\/\/www.auberceaudor.ch\/en\/"},{"@type":"ListItem","position":2,"name":"Shop","item":"https:\/\/www.auberceaudor.ch\/en\/shop\/"},{"@type":"ListItem","position":3,"name":"Walks","item":"https:\/\/www.auberceaudor.ch\/en\/c\/walks-baby\/"},{"@type":"ListItem","position":4,"name":"Strollers","item":"https:\/\/www.auberceaudor.ch\/en\/c\/strollers\/"},{"@type":"ListItem","position":5,"name":"Luxury Folding Carry Cot Mios\/Coya Style Collection 2026"}]},{"@type":"WebSite","@id":"https:\/\/www.auberceaudor.ch\/en\/#website","url":"https:\/\/www.auberceaudor.ch\/en\/","name":"Au Berceau d&#039;Or","description":"Articles pour b\u00e9b\u00e9s et futures mamans","publisher":{"@id":"https:\/\/www.auberceaudor.ch\/en\/#organization"},"potentialAction":[{"@type":"SearchAction","target":{"@type":"EntryPoint","urlTemplate":"https:\/\/www.auberceaudor.ch\/en\/?s={search_term_string}"},"query-input":{"@type":"PropertyValueSpecification","valueRequired":true,"valueName":"search_term_string"}}],"inLanguage":"en-US"},{"@type":"Organization","@id":"https:\/\/www.auberceaudor.ch\/en\/#organization","name":"Au Berceau d'Or","url":"https:\/\/www.auberceaudor.ch\/en\/","logo":{"@type":"ImageObject","inLanguage":"en-US","@id":"https:\/\/www.auberceaudor.ch\/en\/#\/schema\/logo\/image\/","url":"https:\/\/www.auberceaudor.ch\/wp-content\/uploads\/2020\/04\/logo-inline.svg","contentUrl":"https:\/\/www.auberceaudor.ch\/wp-content\/uploads\/2020\/04\/logo-inline.svg","width":628,"height":94,"caption":"Au Berceau d'Or"},"image":{"@id":"https:\/\/www.auberceaudor.ch\/en\/#\/schema\/logo\/image\/"},"sameAs":["https:\/\/www.facebook.com\/auberceaudor\/","https:\/\/www.instagram.com\/auberceaudor\/"]}]},"product_brand":"Cybex","og_availability":"instock","product_availability":"instock","product_condition":"new"},"_links":{"self":[{"href":"https:\/\/www.auberceaudor.ch\/en\/wp-json\/wp\/v2\/product\/43566","targetHints":{"allow":["GET"]}}],"collection":[{"href":"https:\/\/www.auberceaudor.ch\/en\/wp-json\/wp\/v2\/product"}],"about":[{"href":"https:\/\/www.auberceaudor.ch\/en\/wp-json\/wp\/v2\/types\/product"}],"wp:featuredmedia":[{"embeddable":true,"href":"https:\/\/www.auberceaudor.ch\/en\/wp-json\/wp\/v2\/media\/42479"}],"wp:attachment":[{"href":"https:\/\/www.auberceaudor.ch\/en\/wp-json\/wp\/v2\/media?parent=43566"}],"wp:term":[{"taxonomy":"product_brand","embeddable":true,"href":"https:\/\/www.auberceaudor.ch\/en\/wp-json\/wp\/v2\/product_brand?post=43566"},{"taxonomy":"product_cat","embeddable":true,"href":"https:\/\/www.auberceaudor.ch\/en\/wp-json\/wp\/v2\/product_cat?post=43566"},{"taxonomy":"product_tag","embeddable":true,"href":"https:\/\/www.auberceaudor.ch\/en\/wp-json\/wp\/v2\/product_tag?post=43566"}],"curies":[{"name":"wp","href":"https:\/\/api.w.org\/{rel}","templated":true}]}}