{"id":43551,"date":"2026-03-10T10:58:37","date_gmt":"2026-03-10T09:58:37","guid":{"rendered":"https:\/\/www.auberceaudor.ch\/p\/seat-mios-basket-style-collection-2026\/"},"modified":"2026-03-30T17:01:18","modified_gmt":"2026-03-30T15:01:18","slug":"seat-mios-basket-style-collection-2026","status":"publish","type":"product","link":"https:\/\/www.auberceaudor.ch\/en\/p\/seat-mios-basket-style-collection-2026\/","title":{"rendered":"Seat Mios + Basket \u200b\u200b- Style Collection 2026"},"content":{"rendered":"<p>Des d\u00e9tails exquis et une \u00e9l\u00e9gance intemporelle se r\u00e9unissent avec le pack si\u00e8ge New Generation Mios. Lorsque votre enfant atteint l\u2019\u00e2ge de la petite enfance, fixez les tissus \u00e0 votre cadre Mios pour cr\u00e9er une ic\u00f4ne de design sur roues, ainsi que le panier assorti \u00e0 l\u2019assise.<\/p>\n<p>C\u00e9l\u00e9brez l\u2019arriv\u00e9e de votre enfant \u00e0 l\u2019\u00e2ge de la petite enfance en fixant le luxueusement confortable Pack Si\u00e8ge Mios \u00e0 votre embl\u00e9matique Ch\u00e2ssis Mios pour cr\u00e9er la poussette compl\u00e8te ultime. Un grand canopy prot\u00e8ge votre b\u00e9b\u00e9 des intemp\u00e9ries, avec des inserts en mesh qui le gardent au frais lors de vos d\u00e9placements. Un harnais intuitif \u00e0 tirage unique facilite leur s\u00e9curisation ainsi que leur mise en place ou sortie de la poussette. Plusieurs options d\u2019inclinaison et un repose-pieds r\u00e9glable offrent une position de voyage ergonomique, soutenant leur d\u00e9veloppement \u00e0 chaque \u00e9tape. Comprend un panier de shopping assorti pour compl\u00e9ter votre look.<\/p>\n<p>Offrez \u00e0 votre b\u00e9b\u00e9 la position de voyage parfaite pour explorer le monde \u00e0 mesure qu\u2019il grandit. L\u2019unit\u00e9 de si\u00e8ge lui permet de s\u2019allonger compl\u00e8tement \u00e0 plat, garantissant qu\u2019il pourra se reposer soutenu dans un confort ergonomique. Un auvent extra-large et extra-extensible UPF50+ offre la protection id\u00e9ale contre le soleil, le vent et la pluie.<\/p>\n<p>Une fonctionnalit\u00e9 sublime vous permet d\u2019attacher votre enfant en quelques secondes avec une seule main. Notre harnais unique \u00e0 tirage unique lui permet de rouler en toute s\u00e9curit\u00e9 et facilite l\u2019embarquement et le d\u00e9barquement pour tout le monde<\/p>\n","protected":false},"excerpt":{"rendered":"<p>From birth until around 4 years. Maximum 22 kg.  Including matching basket.  Choose your favourite seat frame.  Only compatible with a Mios frame post 2026<\/p>\n","protected":false},"featured_media":42767,"template":"","meta":{"_acf_changed":false},"product_brand":[964],"product_cat":[1014,1013],"product_tag":[],"class_list":{"0":"post-43551","1":"product","2":"type-product","3":"status-publish","4":"has-post-thumbnail","6":"product_brand-cybex","7":"product_cat-stroller-seats","8":"product_cat-strollers","10":"first","11":"instock","12":"shipping-taxable","13":"purchasable","14":"product-type-variable","15":"has-default-attributes"},"acf":[],"yoast_head":"<!-- This site is optimized with the Yoast SEO Premium plugin v26.6 (Yoast SEO v26.6) - https:\/\/yoast.com\/wordpress\/plugins\/seo\/ -->\n<title>Seat Mios + Basket \u200b\u200b- Style Collection 2026 - Au Berceau d&#039;Or<\/title>\n<meta name=\"description\" content=\"New Cybex Styles Seat Pack\" \/>\n<meta name=\"robots\" content=\"index, follow, max-snippet:-1, max-image-preview:large, max-video-preview:-1\" \/>\n<link rel=\"canonical\" href=\"https:\/\/www.auberceaudor.ch\/en\/p\/seat-mios-basket-style-collection-2026\/\" \/>\n<meta property=\"og:locale\" content=\"en_US\" \/>\n<meta property=\"og:type\" content=\"article\" \/>\n<meta property=\"og:title\" content=\"Seat Mios + Basket \u200b\u200b- Style Collection 2026\" \/>\n<meta property=\"og:description\" content=\"From birth until around 4 years. Maximum 22 kg. Including matching basket. Choose your favourite seat frame. Only compatible with a Mios frame post 2026\" \/>\n<meta property=\"og:url\" content=\"https:\/\/www.auberceaudor.ch\/en\/p\/seat-mios-basket-style-collection-2026\/\" \/>\n<meta property=\"og:site_name\" content=\"Au Berceau d&#039;Or\" \/>\n<meta property=\"article:publisher\" content=\"https:\/\/www.facebook.com\/auberceaudor\/\" \/>\n<meta property=\"article:modified_time\" content=\"2026-03-30T15:01:18+00:00\" \/>\n<meta property=\"og:image\" content=\"https:\/\/www.auberceaudor.ch\/wp-content\/uploads\/2026\/03\/assise-mios-beige-1.jpeg\" \/>\n\t<meta property=\"og:image:width\" content=\"815\" \/>\n\t<meta property=\"og:image:height\" content=\"815\" \/>\n\t<meta property=\"og:image:type\" content=\"image\/jpeg\" \/>\n<meta name=\"twitter:card\" content=\"summary_large_image\" \/>\n<meta name=\"twitter:label1\" content=\"Availability\" \/>\n\t<meta name=\"twitter:data1\" content=\"In stock\" \/>\n<script type=\"application\/ld+json\" class=\"yoast-schema-graph\">{\"@context\":\"https:\/\/schema.org\",\"@graph\":[{\"@type\":\"WebPage\",\"@id\":\"https:\/\/www.auberceaudor.ch\/en\/p\/seat-mios-basket-style-collection-2026\/\",\"url\":\"https:\/\/www.auberceaudor.ch\/en\/p\/seat-mios-basket-style-collection-2026\/\",\"name\":\"Seat Mios + Basket \u200b\u200b- Style Collection 2026 - Au Berceau d&#039;Or\",\"isPartOf\":{\"@id\":\"https:\/\/www.auberceaudor.ch\/en\/#website\"},\"primaryImageOfPage\":{\"@id\":\"https:\/\/www.auberceaudor.ch\/en\/p\/seat-mios-basket-style-collection-2026\/#primaryimage\"},\"image\":{\"@id\":\"https:\/\/www.auberceaudor.ch\/en\/p\/seat-mios-basket-style-collection-2026\/#primaryimage\"},\"thumbnailUrl\":\"https:\/\/www.auberceaudor.ch\/wp-content\/uploads\/2026\/03\/assise-mios-beige-1.jpeg\",\"datePublished\":\"2026-03-10T09:58:37+00:00\",\"dateModified\":\"2026-03-30T15:01:18+00:00\",\"description\":\"New Cybex Styles Seat Pack\",\"breadcrumb\":{\"@id\":\"https:\/\/www.auberceaudor.ch\/en\/p\/seat-mios-basket-style-collection-2026\/#breadcrumb\"},\"inLanguage\":\"en-US\",\"potentialAction\":[{\"@type\":\"ReadAction\",\"target\":[\"https:\/\/www.auberceaudor.ch\/en\/p\/seat-mios-basket-style-collection-2026\/\"]}]},{\"@type\":\"ImageObject\",\"inLanguage\":\"en-US\",\"@id\":\"https:\/\/www.auberceaudor.ch\/en\/p\/seat-mios-basket-style-collection-2026\/#primaryimage\",\"url\":\"https:\/\/www.auberceaudor.ch\/wp-content\/uploads\/2026\/03\/assise-mios-beige-1.jpeg\",\"contentUrl\":\"https:\/\/www.auberceaudor.ch\/wp-content\/uploads\/2026\/03\/assise-mios-beige-1.jpeg\",\"width\":815,\"height\":815},{\"@type\":\"BreadcrumbList\",\"@id\":\"https:\/\/www.auberceaudor.ch\/en\/p\/seat-mios-basket-style-collection-2026\/#breadcrumb\",\"itemListElement\":[{\"@type\":\"ListItem\",\"position\":1,\"name\":\"Accueil\",\"item\":\"https:\/\/www.auberceaudor.ch\/en\/\"},{\"@type\":\"ListItem\",\"position\":2,\"name\":\"Shop\",\"item\":\"https:\/\/www.auberceaudor.ch\/en\/shop\/\"},{\"@type\":\"ListItem\",\"position\":3,\"name\":\"Walks\",\"item\":\"https:\/\/www.auberceaudor.ch\/en\/c\/walks-baby\/\"},{\"@type\":\"ListItem\",\"position\":4,\"name\":\"Strollers\",\"item\":\"https:\/\/www.auberceaudor.ch\/en\/c\/strollers\/\"},{\"@type\":\"ListItem\",\"position\":5,\"name\":\"Seat Mios + Basket \u200b\u200b- Style Collection 2026\"}]},{\"@type\":\"WebSite\",\"@id\":\"https:\/\/www.auberceaudor.ch\/en\/#website\",\"url\":\"https:\/\/www.auberceaudor.ch\/en\/\",\"name\":\"Au Berceau d&#039;Or\",\"description\":\"Articles pour b\u00e9b\u00e9s et futures mamans\",\"publisher\":{\"@id\":\"https:\/\/www.auberceaudor.ch\/en\/#organization\"},\"potentialAction\":[{\"@type\":\"SearchAction\",\"target\":{\"@type\":\"EntryPoint\",\"urlTemplate\":\"https:\/\/www.auberceaudor.ch\/en\/?s={search_term_string}\"},\"query-input\":{\"@type\":\"PropertyValueSpecification\",\"valueRequired\":true,\"valueName\":\"search_term_string\"}}],\"inLanguage\":\"en-US\"},{\"@type\":\"Organization\",\"@id\":\"https:\/\/www.auberceaudor.ch\/en\/#organization\",\"name\":\"Au Berceau d'Or\",\"url\":\"https:\/\/www.auberceaudor.ch\/en\/\",\"logo\":{\"@type\":\"ImageObject\",\"inLanguage\":\"en-US\",\"@id\":\"https:\/\/www.auberceaudor.ch\/en\/#\/schema\/logo\/image\/\",\"url\":\"https:\/\/www.auberceaudor.ch\/wp-content\/uploads\/2020\/04\/logo-inline.svg\",\"contentUrl\":\"https:\/\/www.auberceaudor.ch\/wp-content\/uploads\/2020\/04\/logo-inline.svg\",\"width\":628,\"height\":94,\"caption\":\"Au Berceau d'Or\"},\"image\":{\"@id\":\"https:\/\/www.auberceaudor.ch\/en\/#\/schema\/logo\/image\/\"},\"sameAs\":[\"https:\/\/www.facebook.com\/auberceaudor\/\",\"https:\/\/www.instagram.com\/auberceaudor\/\"]}]}<\/script>\n<meta property=\"product:brand\" content=\"Cybex\" \/>\n<meta property=\"og:availability\" content=\"instock\" \/>\n<meta property=\"product:availability\" content=\"instock\" \/>\n<meta property=\"product:condition\" content=\"new\" \/>\n<!-- \/ Yoast SEO Premium plugin. -->","yoast_head_json":{"title":"Seat Mios + Basket \u200b\u200b- Style Collection 2026 - Au Berceau d&#039;Or","description":"New Cybex Styles Seat Pack","robots":{"index":"index","follow":"follow","max-snippet":"max-snippet:-1","max-image-preview":"max-image-preview:large","max-video-preview":"max-video-preview:-1"},"canonical":"https:\/\/www.auberceaudor.ch\/en\/p\/seat-mios-basket-style-collection-2026\/","og_locale":"en_US","og_type":"article","og_title":"Seat Mios + Basket \u200b\u200b- Style Collection 2026","og_description":"From birth until around 4 years. Maximum 22 kg. Including matching basket. Choose your favourite seat frame. Only compatible with a Mios frame post 2026","og_url":"https:\/\/www.auberceaudor.ch\/en\/p\/seat-mios-basket-style-collection-2026\/","og_site_name":"Au Berceau d&#039;Or","article_publisher":"https:\/\/www.facebook.com\/auberceaudor\/","article_modified_time":"2026-03-30T15:01:18+00:00","og_image":[{"width":815,"height":815,"url":"https:\/\/www.auberceaudor.ch\/wp-content\/uploads\/2026\/03\/assise-mios-beige-1.jpeg","type":"image\/jpeg"}],"twitter_card":"summary_large_image","twitter_misc":{"Availability":"In stock"},"schema":{"@context":"https:\/\/schema.org","@graph":[{"@type":"WebPage","@id":"https:\/\/www.auberceaudor.ch\/en\/p\/seat-mios-basket-style-collection-2026\/","url":"https:\/\/www.auberceaudor.ch\/en\/p\/seat-mios-basket-style-collection-2026\/","name":"Seat Mios + Basket \u200b\u200b- Style Collection 2026 - Au Berceau d&#039;Or","isPartOf":{"@id":"https:\/\/www.auberceaudor.ch\/en\/#website"},"primaryImageOfPage":{"@id":"https:\/\/www.auberceaudor.ch\/en\/p\/seat-mios-basket-style-collection-2026\/#primaryimage"},"image":{"@id":"https:\/\/www.auberceaudor.ch\/en\/p\/seat-mios-basket-style-collection-2026\/#primaryimage"},"thumbnailUrl":"https:\/\/www.auberceaudor.ch\/wp-content\/uploads\/2026\/03\/assise-mios-beige-1.jpeg","datePublished":"2026-03-10T09:58:37+00:00","dateModified":"2026-03-30T15:01:18+00:00","description":"New Cybex Styles Seat Pack","breadcrumb":{"@id":"https:\/\/www.auberceaudor.ch\/en\/p\/seat-mios-basket-style-collection-2026\/#breadcrumb"},"inLanguage":"en-US","potentialAction":[{"@type":"ReadAction","target":["https:\/\/www.auberceaudor.ch\/en\/p\/seat-mios-basket-style-collection-2026\/"]}]},{"@type":"ImageObject","inLanguage":"en-US","@id":"https:\/\/www.auberceaudor.ch\/en\/p\/seat-mios-basket-style-collection-2026\/#primaryimage","url":"https:\/\/www.auberceaudor.ch\/wp-content\/uploads\/2026\/03\/assise-mios-beige-1.jpeg","contentUrl":"https:\/\/www.auberceaudor.ch\/wp-content\/uploads\/2026\/03\/assise-mios-beige-1.jpeg","width":815,"height":815},{"@type":"BreadcrumbList","@id":"https:\/\/www.auberceaudor.ch\/en\/p\/seat-mios-basket-style-collection-2026\/#breadcrumb","itemListElement":[{"@type":"ListItem","position":1,"name":"Accueil","item":"https:\/\/www.auberceaudor.ch\/en\/"},{"@type":"ListItem","position":2,"name":"Shop","item":"https:\/\/www.auberceaudor.ch\/en\/shop\/"},{"@type":"ListItem","position":3,"name":"Walks","item":"https:\/\/www.auberceaudor.ch\/en\/c\/walks-baby\/"},{"@type":"ListItem","position":4,"name":"Strollers","item":"https:\/\/www.auberceaudor.ch\/en\/c\/strollers\/"},{"@type":"ListItem","position":5,"name":"Seat Mios + Basket \u200b\u200b- Style Collection 2026"}]},{"@type":"WebSite","@id":"https:\/\/www.auberceaudor.ch\/en\/#website","url":"https:\/\/www.auberceaudor.ch\/en\/","name":"Au Berceau d&#039;Or","description":"Articles pour b\u00e9b\u00e9s et futures mamans","publisher":{"@id":"https:\/\/www.auberceaudor.ch\/en\/#organization"},"potentialAction":[{"@type":"SearchAction","target":{"@type":"EntryPoint","urlTemplate":"https:\/\/www.auberceaudor.ch\/en\/?s={search_term_string}"},"query-input":{"@type":"PropertyValueSpecification","valueRequired":true,"valueName":"search_term_string"}}],"inLanguage":"en-US"},{"@type":"Organization","@id":"https:\/\/www.auberceaudor.ch\/en\/#organization","name":"Au Berceau d'Or","url":"https:\/\/www.auberceaudor.ch\/en\/","logo":{"@type":"ImageObject","inLanguage":"en-US","@id":"https:\/\/www.auberceaudor.ch\/en\/#\/schema\/logo\/image\/","url":"https:\/\/www.auberceaudor.ch\/wp-content\/uploads\/2020\/04\/logo-inline.svg","contentUrl":"https:\/\/www.auberceaudor.ch\/wp-content\/uploads\/2020\/04\/logo-inline.svg","width":628,"height":94,"caption":"Au Berceau d'Or"},"image":{"@id":"https:\/\/www.auberceaudor.ch\/en\/#\/schema\/logo\/image\/"},"sameAs":["https:\/\/www.facebook.com\/auberceaudor\/","https:\/\/www.instagram.com\/auberceaudor\/"]}]},"product_brand":"Cybex","og_availability":"instock","product_availability":"instock","product_condition":"new"},"_links":{"self":[{"href":"https:\/\/www.auberceaudor.ch\/en\/wp-json\/wp\/v2\/product\/43551","targetHints":{"allow":["GET"]}}],"collection":[{"href":"https:\/\/www.auberceaudor.ch\/en\/wp-json\/wp\/v2\/product"}],"about":[{"href":"https:\/\/www.auberceaudor.ch\/en\/wp-json\/wp\/v2\/types\/product"}],"wp:featuredmedia":[{"embeddable":true,"href":"https:\/\/www.auberceaudor.ch\/en\/wp-json\/wp\/v2\/media\/42767"}],"wp:attachment":[{"href":"https:\/\/www.auberceaudor.ch\/en\/wp-json\/wp\/v2\/media?parent=43551"}],"wp:term":[{"taxonomy":"product_brand","embeddable":true,"href":"https:\/\/www.auberceaudor.ch\/en\/wp-json\/wp\/v2\/product_brand?post=43551"},{"taxonomy":"product_cat","embeddable":true,"href":"https:\/\/www.auberceaudor.ch\/en\/wp-json\/wp\/v2\/product_cat?post=43551"},{"taxonomy":"product_tag","embeddable":true,"href":"https:\/\/www.auberceaudor.ch\/en\/wp-json\/wp\/v2\/product_tag?post=43551"}],"curies":[{"name":"wp","href":"https:\/\/api.w.org\/{rel}","templated":true}]}}