{"id":39595,"date":"2025-03-26T13:17:19","date_gmt":"2025-03-26T12:17:19","guid":{"rendered":"https:\/\/www.auberceaudor.ch\/p\/car-seat-arra-flex\/"},"modified":"2025-03-26T13:26:54","modified_gmt":"2025-03-26T12:26:54","slug":"car-seat-arra-flex","status":"publish","type":"product","link":"https:\/\/www.auberceaudor.ch\/en\/p\/car-seat-arra-flex\/","title":{"rendered":"Car seat Arra flex"},"content":{"rendered":"<p>For busy days and long journeys, ARRA flex offers a seamless transition from car seat to carrycot. Its three recline positions, including a relaxing 157\u00b0 recline, allow your baby to lie comfortably whether the seat is installed on the BASE next, using the vehicle&#8217;s seat belt, or even in a stroller.<\/p>\n","protected":false},"excerpt":{"rendered":"<p>For busy days and long journeys, ARRA flex offers a seamless transition from car seat to carrycot. Its three recline positions, including a relaxing 157\u00b0 recline, allow your baby to lie comfortably whether the seat is installed on the BASE next, using the vehicle&#8217;s seat belt, or even in a stroller.<\/p>\n","protected":false},"featured_media":39581,"template":"","meta":{"_acf_changed":false},"product_brand":[966],"product_cat":[1039,1042,1044,1058],"product_tag":[],"class_list":{"0":"post-39595","1":"product","2":"type-product","3":"status-publish","4":"has-post-thumbnail","6":"product_brand-nuna","7":"product_cat-baby-car-seat","8":"product_cat-car-seats","9":"product_cat-baby-car-seat-group-0-0","10":"product_cat-baby-travel","12":"first","13":"instock","14":"shipping-taxable","15":"purchasable","16":"product-type-variable","17":"has-default-attributes"},"acf":[],"yoast_head":"<!-- This site is optimized with the Yoast SEO Premium plugin v27.4 (Yoast SEO v27.4) - https:\/\/yoast.com\/product\/yoast-seo-premium-wordpress\/ -->\n<title>Car seat Arra flex - Au Berceau d&#039;Or<\/title>\n<meta name=\"description\" content=\"ARRA flex est certifi\u00e9 i-Size. Il offre des caract\u00e9ristiques de s\u00e9curit\u00e9 innovantes, et ergonomiques, qui vous offrent l&#039;ultime libert\u00e9 \u00e0 chaque sortie.\" \/>\n<meta name=\"robots\" content=\"index, follow, max-snippet:-1, max-image-preview:large, max-video-preview:-1\" \/>\n<link rel=\"canonical\" href=\"https:\/\/www.auberceaudor.ch\/en\/p\/car-seat-arra-flex\/\" \/>\n<meta property=\"og:locale\" content=\"en_US\" \/>\n<meta property=\"og:type\" content=\"article\" \/>\n<meta property=\"og:title\" content=\"Car seat Arra flex\" \/>\n<meta property=\"og:description\" content=\"For busy days and long journeys, ARRA flex offers a seamless transition from car seat to carrycot. Its three recline positions, including a relaxing 157\u00b0\" \/>\n<meta property=\"og:url\" content=\"https:\/\/www.auberceaudor.ch\/en\/p\/car-seat-arra-flex\/\" \/>\n<meta property=\"og:site_name\" content=\"Au Berceau d&#039;Or\" \/>\n<meta property=\"article:publisher\" content=\"https:\/\/www.facebook.com\/auberceaudor\/\" \/>\n<meta property=\"article:modified_time\" content=\"2025-03-26T12:26:54+00:00\" \/>\n<meta property=\"og:image\" content=\"https:\/\/www.auberceaudor.ch\/wp-content\/uploads\/2025\/03\/arraflex-caviar-trivnext-caviar-lisbon-gl-8935-1100x1100-web-a94f.webp\" \/>\n\t<meta property=\"og:image:width\" content=\"730\" \/>\n\t<meta property=\"og:image:height\" content=\"730\" \/>\n\t<meta property=\"og:image:type\" content=\"image\/webp\" \/>\n<meta name=\"twitter:card\" content=\"summary_large_image\" \/>\n<meta name=\"twitter:label1\" content=\"Availability\" \/>\n\t<meta name=\"twitter:data1\" content=\"In stock\" \/>\n<script type=\"application\/ld+json\" class=\"yoast-schema-graph\">{\"@context\":\"https:\\\/\\\/schema.org\",\"@graph\":[{\"@type\":\"WebPage\",\"@id\":\"https:\\\/\\\/www.auberceaudor.ch\\\/en\\\/p\\\/car-seat-arra-flex\\\/\",\"url\":\"https:\\\/\\\/www.auberceaudor.ch\\\/en\\\/p\\\/car-seat-arra-flex\\\/\",\"name\":\"Car seat Arra flex - Au Berceau d&#039;Or\",\"isPartOf\":{\"@id\":\"https:\\\/\\\/www.auberceaudor.ch\\\/en\\\/#website\"},\"primaryImageOfPage\":{\"@id\":\"https:\\\/\\\/www.auberceaudor.ch\\\/en\\\/p\\\/car-seat-arra-flex\\\/#primaryimage\"},\"image\":{\"@id\":\"https:\\\/\\\/www.auberceaudor.ch\\\/en\\\/p\\\/car-seat-arra-flex\\\/#primaryimage\"},\"thumbnailUrl\":\"https:\\\/\\\/www.auberceaudor.ch\\\/wp-content\\\/uploads\\\/2025\\\/03\\\/arraflex-caviar-trivnext-caviar-lisbon-gl-8935-1100x1100-web-a94f.webp\",\"datePublished\":\"2025-03-26T12:17:19+00:00\",\"dateModified\":\"2025-03-26T12:26:54+00:00\",\"description\":\"ARRA flex est certifi\u00e9 i-Size. Il offre des caract\u00e9ristiques de s\u00e9curit\u00e9 innovantes, et ergonomiques, qui vous offrent l'ultime libert\u00e9 \u00e0 chaque sortie.\",\"breadcrumb\":{\"@id\":\"https:\\\/\\\/www.auberceaudor.ch\\\/en\\\/p\\\/car-seat-arra-flex\\\/#breadcrumb\"},\"inLanguage\":\"en-US\",\"potentialAction\":[{\"@type\":\"ReadAction\",\"target\":[\"https:\\\/\\\/www.auberceaudor.ch\\\/en\\\/p\\\/car-seat-arra-flex\\\/\"]}]},{\"@type\":\"ImageObject\",\"inLanguage\":\"en-US\",\"@id\":\"https:\\\/\\\/www.auberceaudor.ch\\\/en\\\/p\\\/car-seat-arra-flex\\\/#primaryimage\",\"url\":\"https:\\\/\\\/www.auberceaudor.ch\\\/wp-content\\\/uploads\\\/2025\\\/03\\\/arraflex-caviar-trivnext-caviar-lisbon-gl-8935-1100x1100-web-a94f.webp\",\"contentUrl\":\"https:\\\/\\\/www.auberceaudor.ch\\\/wp-content\\\/uploads\\\/2025\\\/03\\\/arraflex-caviar-trivnext-caviar-lisbon-gl-8935-1100x1100-web-a94f.webp\",\"width\":730,\"height\":730},{\"@type\":\"BreadcrumbList\",\"@id\":\"https:\\\/\\\/www.auberceaudor.ch\\\/en\\\/p\\\/car-seat-arra-flex\\\/#breadcrumb\",\"itemListElement\":[{\"@type\":\"ListItem\",\"position\":1,\"name\":\"Accueil\",\"item\":\"https:\\\/\\\/www.auberceaudor.ch\\\/en\\\/\"},{\"@type\":\"ListItem\",\"position\":2,\"name\":\"Shop\",\"item\":\"https:\\\/\\\/www.auberceaudor.ch\\\/en\\\/shop\\\/\"},{\"@type\":\"ListItem\",\"position\":3,\"name\":\"Travel\",\"item\":\"https:\\\/\\\/www.auberceaudor.ch\\\/en\\\/c\\\/baby-travel\\\/\"},{\"@type\":\"ListItem\",\"position\":4,\"name\":\"Car seat Arra flex\"}]},{\"@type\":\"WebSite\",\"@id\":\"https:\\\/\\\/www.auberceaudor.ch\\\/en\\\/#website\",\"url\":\"https:\\\/\\\/www.auberceaudor.ch\\\/en\\\/\",\"name\":\"Au Berceau d&#039;Or\",\"description\":\"Articles pour b\u00e9b\u00e9s et futures mamans\",\"publisher\":{\"@id\":\"https:\\\/\\\/www.auberceaudor.ch\\\/en\\\/#organization\"},\"potentialAction\":[{\"@type\":\"SearchAction\",\"target\":{\"@type\":\"EntryPoint\",\"urlTemplate\":\"https:\\\/\\\/www.auberceaudor.ch\\\/en\\\/?s={search_term_string}\"},\"query-input\":{\"@type\":\"PropertyValueSpecification\",\"valueRequired\":true,\"valueName\":\"search_term_string\"}}],\"inLanguage\":\"en-US\"},{\"@type\":\"Organization\",\"@id\":\"https:\\\/\\\/www.auberceaudor.ch\\\/en\\\/#organization\",\"name\":\"Au Berceau d'Or\",\"url\":\"https:\\\/\\\/www.auberceaudor.ch\\\/en\\\/\",\"logo\":{\"@type\":\"ImageObject\",\"inLanguage\":\"en-US\",\"@id\":\"https:\\\/\\\/www.auberceaudor.ch\\\/en\\\/#\\\/schema\\\/logo\\\/image\\\/\",\"url\":\"https:\\\/\\\/www.auberceaudor.ch\\\/wp-content\\\/uploads\\\/2020\\\/04\\\/logo-inline.svg\",\"contentUrl\":\"https:\\\/\\\/www.auberceaudor.ch\\\/wp-content\\\/uploads\\\/2020\\\/04\\\/logo-inline.svg\",\"width\":628,\"height\":94,\"caption\":\"Au Berceau d'Or\"},\"image\":{\"@id\":\"https:\\\/\\\/www.auberceaudor.ch\\\/en\\\/#\\\/schema\\\/logo\\\/image\\\/\"},\"sameAs\":[\"https:\\\/\\\/www.facebook.com\\\/auberceaudor\\\/\",\"https:\\\/\\\/www.instagram.com\\\/auberceaudor\\\/\"]}]}<\/script>\n<meta property=\"product:brand\" content=\"Nuna\" \/>\n<meta property=\"og:availability\" content=\"instock\" \/>\n<meta property=\"product:availability\" content=\"instock\" \/>\n<meta property=\"product:condition\" content=\"new\" \/>\n<!-- \/ Yoast SEO Premium plugin. -->","yoast_head_json":{"title":"Car seat Arra flex - Au Berceau d&#039;Or","description":"ARRA flex est certifi\u00e9 i-Size. Il offre des caract\u00e9ristiques de s\u00e9curit\u00e9 innovantes, et ergonomiques, qui vous offrent l'ultime libert\u00e9 \u00e0 chaque sortie.","robots":{"index":"index","follow":"follow","max-snippet":"max-snippet:-1","max-image-preview":"max-image-preview:large","max-video-preview":"max-video-preview:-1"},"canonical":"https:\/\/www.auberceaudor.ch\/en\/p\/car-seat-arra-flex\/","og_locale":"en_US","og_type":"article","og_title":"Car seat Arra flex","og_description":"For busy days and long journeys, ARRA flex offers a seamless transition from car seat to carrycot. Its three recline positions, including a relaxing 157\u00b0","og_url":"https:\/\/www.auberceaudor.ch\/en\/p\/car-seat-arra-flex\/","og_site_name":"Au Berceau d&#039;Or","article_publisher":"https:\/\/www.facebook.com\/auberceaudor\/","article_modified_time":"2025-03-26T12:26:54+00:00","og_image":[{"width":730,"height":730,"url":"https:\/\/www.auberceaudor.ch\/wp-content\/uploads\/2025\/03\/arraflex-caviar-trivnext-caviar-lisbon-gl-8935-1100x1100-web-a94f.webp","type":"image\/webp"}],"twitter_card":"summary_large_image","twitter_misc":{"Availability":"In stock"},"schema":{"@context":"https:\/\/schema.org","@graph":[{"@type":"WebPage","@id":"https:\/\/www.auberceaudor.ch\/en\/p\/car-seat-arra-flex\/","url":"https:\/\/www.auberceaudor.ch\/en\/p\/car-seat-arra-flex\/","name":"Car seat Arra flex - Au Berceau d&#039;Or","isPartOf":{"@id":"https:\/\/www.auberceaudor.ch\/en\/#website"},"primaryImageOfPage":{"@id":"https:\/\/www.auberceaudor.ch\/en\/p\/car-seat-arra-flex\/#primaryimage"},"image":{"@id":"https:\/\/www.auberceaudor.ch\/en\/p\/car-seat-arra-flex\/#primaryimage"},"thumbnailUrl":"https:\/\/www.auberceaudor.ch\/wp-content\/uploads\/2025\/03\/arraflex-caviar-trivnext-caviar-lisbon-gl-8935-1100x1100-web-a94f.webp","datePublished":"2025-03-26T12:17:19+00:00","dateModified":"2025-03-26T12:26:54+00:00","description":"ARRA flex est certifi\u00e9 i-Size. Il offre des caract\u00e9ristiques de s\u00e9curit\u00e9 innovantes, et ergonomiques, qui vous offrent l'ultime libert\u00e9 \u00e0 chaque sortie.","breadcrumb":{"@id":"https:\/\/www.auberceaudor.ch\/en\/p\/car-seat-arra-flex\/#breadcrumb"},"inLanguage":"en-US","potentialAction":[{"@type":"ReadAction","target":["https:\/\/www.auberceaudor.ch\/en\/p\/car-seat-arra-flex\/"]}]},{"@type":"ImageObject","inLanguage":"en-US","@id":"https:\/\/www.auberceaudor.ch\/en\/p\/car-seat-arra-flex\/#primaryimage","url":"https:\/\/www.auberceaudor.ch\/wp-content\/uploads\/2025\/03\/arraflex-caviar-trivnext-caviar-lisbon-gl-8935-1100x1100-web-a94f.webp","contentUrl":"https:\/\/www.auberceaudor.ch\/wp-content\/uploads\/2025\/03\/arraflex-caviar-trivnext-caviar-lisbon-gl-8935-1100x1100-web-a94f.webp","width":730,"height":730},{"@type":"BreadcrumbList","@id":"https:\/\/www.auberceaudor.ch\/en\/p\/car-seat-arra-flex\/#breadcrumb","itemListElement":[{"@type":"ListItem","position":1,"name":"Accueil","item":"https:\/\/www.auberceaudor.ch\/en\/"},{"@type":"ListItem","position":2,"name":"Shop","item":"https:\/\/www.auberceaudor.ch\/en\/shop\/"},{"@type":"ListItem","position":3,"name":"Travel","item":"https:\/\/www.auberceaudor.ch\/en\/c\/baby-travel\/"},{"@type":"ListItem","position":4,"name":"Car seat Arra flex"}]},{"@type":"WebSite","@id":"https:\/\/www.auberceaudor.ch\/en\/#website","url":"https:\/\/www.auberceaudor.ch\/en\/","name":"Au Berceau d&#039;Or","description":"Articles pour b\u00e9b\u00e9s et futures mamans","publisher":{"@id":"https:\/\/www.auberceaudor.ch\/en\/#organization"},"potentialAction":[{"@type":"SearchAction","target":{"@type":"EntryPoint","urlTemplate":"https:\/\/www.auberceaudor.ch\/en\/?s={search_term_string}"},"query-input":{"@type":"PropertyValueSpecification","valueRequired":true,"valueName":"search_term_string"}}],"inLanguage":"en-US"},{"@type":"Organization","@id":"https:\/\/www.auberceaudor.ch\/en\/#organization","name":"Au Berceau d'Or","url":"https:\/\/www.auberceaudor.ch\/en\/","logo":{"@type":"ImageObject","inLanguage":"en-US","@id":"https:\/\/www.auberceaudor.ch\/en\/#\/schema\/logo\/image\/","url":"https:\/\/www.auberceaudor.ch\/wp-content\/uploads\/2020\/04\/logo-inline.svg","contentUrl":"https:\/\/www.auberceaudor.ch\/wp-content\/uploads\/2020\/04\/logo-inline.svg","width":628,"height":94,"caption":"Au Berceau d'Or"},"image":{"@id":"https:\/\/www.auberceaudor.ch\/en\/#\/schema\/logo\/image\/"},"sameAs":["https:\/\/www.facebook.com\/auberceaudor\/","https:\/\/www.instagram.com\/auberceaudor\/"]}]},"product_brand":"Nuna","og_availability":"instock","product_availability":"instock","product_condition":"new"},"_links":{"self":[{"href":"https:\/\/www.auberceaudor.ch\/en\/wp-json\/wp\/v2\/product\/39595","targetHints":{"allow":["GET"]}}],"collection":[{"href":"https:\/\/www.auberceaudor.ch\/en\/wp-json\/wp\/v2\/product"}],"about":[{"href":"https:\/\/www.auberceaudor.ch\/en\/wp-json\/wp\/v2\/types\/product"}],"wp:featuredmedia":[{"embeddable":true,"href":"https:\/\/www.auberceaudor.ch\/en\/wp-json\/wp\/v2\/media\/39581"}],"wp:attachment":[{"href":"https:\/\/www.auberceaudor.ch\/en\/wp-json\/wp\/v2\/media?parent=39595"}],"wp:term":[{"taxonomy":"product_brand","embeddable":true,"href":"https:\/\/www.auberceaudor.ch\/en\/wp-json\/wp\/v2\/product_brand?post=39595"},{"taxonomy":"product_cat","embeddable":true,"href":"https:\/\/www.auberceaudor.ch\/en\/wp-json\/wp\/v2\/product_cat?post=39595"},{"taxonomy":"product_tag","embeddable":true,"href":"https:\/\/www.auberceaudor.ch\/en\/wp-json\/wp\/v2\/product_tag?post=39595"}],"curies":[{"name":"wp","href":"https:\/\/api.w.org\/{rel}","templated":true}]}}